{"id":871,"date":"2022-11-02T09:12:15","date_gmt":"2022-11-02T09:12:15","guid":{"rendered":"https:\/\/magnifikevents.tn\/?page_id=871"},"modified":"2022-11-30T09:09:14","modified_gmt":"2022-11-30T09:09:14","slug":"communication-par-lobjet-cadeaux-dentreprise","status":"publish","type":"page","link":"https:\/\/magnifikevents.tn\/?page_id=871","title":{"rendered":"CADEAUX D\u2019ENTREPRISE"},"content":{"rendered":"\t\t<div data-elementor-type=\"wp-page\" data-elementor-id=\"871\" class=\"elementor elementor-871\">\n\t\t\t\t\t\t\t\t\t<section class=\"elementor-section elementor-top-section elementor-element elementor-element-3e73af7 elementor-section-full_width elementor-section-stretched elementor-reverse-tablet elementor-reverse-mobile elementor-section-height-default elementor-section-height-default\" data-id=\"3e73af7\" data-element_type=\"section\" data-settings=\"{&quot;stretch_section&quot;:&quot;section-stretched&quot;}\">\n\t\t\t\t\t\t<div class=\"elementor-container elementor-column-gap-default\">\n\t\t\t\t\t<div class=\"elementor-column elementor-col-100 elementor-top-column elementor-element elementor-element-e2c2dda\" data-id=\"e2c2dda\" data-element_type=\"column\">\n\t\t\t<div class=\"elementor-widget-wrap elementor-element-populated\">\n\t\t\t\t\t\t\t\t<div class=\"elementor-element elementor-element-277be19 elementor-widget elementor-widget-image-carousel\" data-id=\"277be19\" data-element_type=\"widget\" data-settings=\"{&quot;slides_to_show&quot;:&quot;1&quot;,&quot;navigation&quot;:&quot;none&quot;,&quot;autoplay&quot;:&quot;yes&quot;,&quot;pause_on_hover&quot;:&quot;yes&quot;,&quot;pause_on_interaction&quot;:&quot;yes&quot;,&quot;autoplay_speed&quot;:5000,&quot;infinite&quot;:&quot;yes&quot;,&quot;effect&quot;:&quot;slide&quot;,&quot;speed&quot;:500}\" data-widget_type=\"image-carousel.default\">\n\t\t\t\t<div class=\"elementor-widget-container\">\n\t\t\t<style>\/*! elementor - v3.8.0 - 30-10-2022 *\/\n.elementor-widget-image-carousel .swiper-container{position:static}.elementor-widget-image-carousel .swiper-container .swiper-slide figure{line-height:inherit}.elementor-widget-image-carousel .swiper-slide{text-align:center}.elementor-image-carousel-wrapper:not(.swiper-container-initialized) .swiper-slide{max-width:calc(100% \/ var(--e-image-carousel-slides-to-show, 3))}<\/style>\t\t<div class=\"elementor-image-carousel-wrapper swiper-container\" dir=\"ltr\">\n\t\t\t<div class=\"elementor-image-carousel swiper-wrapper swiper-image-stretch\">\n\t\t\t\t\t\t\t\t<div class=\"swiper-slide\"><a data-elementor-open-lightbox=\"yes\" data-elementor-lightbox-slideshow=\"277be19\" data-elementor-lightbox-title=\"cadeaux-slide\" e-action-hash=\"#elementor-action%3Aaction%3Dlightbox%26settings%3DeyJpZCI6Mjc3NiwidXJsIjoiaHR0cHM6XC9cL21hZ25pZmlrZXZlbnRzLnRuXC93cC1jb250ZW50XC91cGxvYWRzXC8yMDIyXC8xMVwvY2FkZWF1eC1zbGlkZS5wbmciLCJzbGlkZXNob3ciOiIyNzdiZTE5In0%3D\" href=\"https:\/\/magnifikevents.tn\/wp-content\/uploads\/2022\/11\/cadeaux-slide.png\"><figure class=\"swiper-slide-inner\"><img decoding=\"async\" class=\"swiper-slide-image\" src=\"https:\/\/magnifikevents.tn\/wp-content\/uploads\/2022\/11\/cadeaux-slide.png\" alt=\"cadeaux-slide\" \/><\/figure><\/a><\/div>\t\t\t<\/div>\n\t\t\t\t\t<\/div>\n\t\t\t\t<\/div>\n\t\t\t\t<\/div>\n\t\t\t\t\t<\/div>\n\t\t<\/div>\n\t\t\t\t\t\t\t<\/div>\n\t\t<\/section>\n\t\t\t\t<section class=\"elementor-section elementor-top-section elementor-element elementor-element-7fbcc69 elementor-reverse-tablet elementor-reverse-mobile elementor-section-boxed elementor-section-height-default elementor-section-height-default\" data-id=\"7fbcc69\" data-element_type=\"section\">\n\t\t\t\t\t\t<div class=\"elementor-container elementor-column-gap-default\">\n\t\t\t\t\t<div class=\"elementor-column elementor-col-50 elementor-top-column elementor-element elementor-element-e3c636b\" data-id=\"e3c636b\" data-element_type=\"column\">\n\t\t\t<div class=\"elementor-widget-wrap elementor-element-populated\">\n\t\t\t\t\t\t\t\t<div class=\"elementor-element elementor-element-cf9e62d elementor-arrows-position-outside elementor-widget elementor-widget-image-carousel\" data-id=\"cf9e62d\" data-element_type=\"widget\" data-settings=\"{&quot;slides_to_show&quot;:&quot;1&quot;,&quot;navigation&quot;:&quot;arrows&quot;,&quot;autoplay&quot;:&quot;yes&quot;,&quot;pause_on_hover&quot;:&quot;yes&quot;,&quot;pause_on_interaction&quot;:&quot;yes&quot;,&quot;autoplay_speed&quot;:5000,&quot;infinite&quot;:&quot;yes&quot;,&quot;effect&quot;:&quot;slide&quot;,&quot;speed&quot;:500}\" data-widget_type=\"image-carousel.default\">\n\t\t\t\t<div class=\"elementor-widget-container\">\n\t\t\t\t\t<div class=\"elementor-image-carousel-wrapper swiper-container\" dir=\"ltr\">\n\t\t\t<div class=\"elementor-image-carousel swiper-wrapper\">\n\t\t\t\t\t\t\t\t<div class=\"swiper-slide\"><a data-elementor-open-lightbox=\"yes\" data-elementor-lightbox-slideshow=\"cf9e62d\" data-elementor-lightbox-title=\"cadeaux-dentreprise-\" e-action-hash=\"#elementor-action%3Aaction%3Dlightbox%26settings%3DeyJpZCI6MjA3NywidXJsIjoiaHR0cHM6XC9cL21hZ25pZmlrZXZlbnRzLnRuXC93cC1jb250ZW50XC91cGxvYWRzXC8yMDIyXC8xMVwvY2FkZWF1eC1kZW50cmVwcmlzZS0ucG5nIiwic2xpZGVzaG93IjoiY2Y5ZTYyZCJ9\" href=\"https:\/\/magnifikevents.tn\/wp-content\/uploads\/2022\/11\/cadeaux-dentreprise-.png\"><figure class=\"swiper-slide-inner\"><img decoding=\"async\" class=\"swiper-slide-image\" src=\"https:\/\/magnifikevents.tn\/wp-content\/uploads\/2022\/11\/cadeaux-dentreprise-.png\" alt=\"cadeaux-dentreprise-\" \/><\/figure><\/a><\/div><div class=\"swiper-slide\"><a data-elementor-open-lightbox=\"yes\" data-elementor-lightbox-slideshow=\"cf9e62d\" data-elementor-lightbox-title=\"cadeaux-dentreprise-\u00e0-ses-collaborateurs-900x480\" e-action-hash=\"#elementor-action%3Aaction%3Dlightbox%26settings%3DeyJpZCI6MjA3OCwidXJsIjoiaHR0cHM6XC9cL21hZ25pZmlrZXZlbnRzLnRuXC93cC1jb250ZW50XC91cGxvYWRzXC8yMDIyXC8xMVwvY2FkZWF1eC1kZW50cmVwcmlzZS1hLXNlcy1jb2xsYWJvcmF0ZXVycy05MDB4NDgwLTEucG5nIiwic2xpZGVzaG93IjoiY2Y5ZTYyZCJ9\" href=\"https:\/\/magnifikevents.tn\/wp-content\/uploads\/2022\/11\/cadeaux-dentreprise-a-ses-collaborateurs-900x480-1.png\"><figure class=\"swiper-slide-inner\"><img decoding=\"async\" class=\"swiper-slide-image\" src=\"https:\/\/magnifikevents.tn\/wp-content\/uploads\/2022\/11\/cadeaux-dentreprise-a-ses-collaborateurs-900x480-1.png\" alt=\"cadeaux-dentreprise-\u00e0-ses-collaborateurs-900x480\" \/><\/figure><\/a><\/div>\t\t\t<\/div>\n\t\t\t\t\t\t\t\t\t\t\t\t\t\t\t\t<div class=\"elementor-swiper-button elementor-swiper-button-prev\">\n\t\t\t\t\t\t<i aria-hidden=\"true\" class=\"eicon-chevron-left\"><\/i>\t\t\t\t\t\t<span class=\"elementor-screen-only\">Pr\u00e9c\u00e9dent<\/span>\n\t\t\t\t\t<\/div>\n\t\t\t\t\t<div class=\"elementor-swiper-button elementor-swiper-button-next\">\n\t\t\t\t\t\t<i aria-hidden=\"true\" class=\"eicon-chevron-right\"><\/i>\t\t\t\t\t\t<span class=\"elementor-screen-only\">Suivant<\/span>\n\t\t\t\t\t<\/div>\n\t\t\t\t\t\t\t\t\t<\/div>\n\t\t\t\t<\/div>\n\t\t\t\t<\/div>\n\t\t\t\t\t<\/div>\n\t\t<\/div>\n\t\t\t\t<div class=\"elementor-column elementor-col-50 elementor-top-column elementor-element elementor-element-68ee256\" data-id=\"68ee256\" data-element_type=\"column\">\n\t\t\t<div class=\"elementor-widget-wrap elementor-element-populated\">\n\t\t\t\t\t\t\t\t<div class=\"elementor-element elementor-element-ab6f1ea elementor-widget elementor-widget-heading\" data-id=\"ab6f1ea\" data-element_type=\"widget\" data-widget_type=\"heading.default\">\n\t\t\t\t<div class=\"elementor-widget-container\">\n\t\t\t<style>\/*! elementor - v3.8.0 - 30-10-2022 *\/\n.elementor-heading-title{padding:0;margin:0;line-height:1}.elementor-widget-heading .elementor-heading-title[class*=elementor-size-]>a{color:inherit;font-size:inherit;line-height:inherit}.elementor-widget-heading .elementor-heading-title.elementor-size-small{font-size:15px}.elementor-widget-heading .elementor-heading-title.elementor-size-medium{font-size:19px}.elementor-widget-heading .elementor-heading-title.elementor-size-large{font-size:29px}.elementor-widget-heading .elementor-heading-title.elementor-size-xl{font-size:39px}.elementor-widget-heading .elementor-heading-title.elementor-size-xxl{font-size:59px}<\/style><h2 class=\"elementor-heading-title elementor-size-default\">COMMUNICATION PAR L\u2019OBJET \/ CADEAUX D\u2019ENTREPRISE<\/h2>\t\t<\/div>\n\t\t\t\t<\/div>\n\t\t\t\t<div class=\"elementor-element elementor-element-24feeeb elementor-widget elementor-widget-text-editor\" data-id=\"24feeeb\" data-element_type=\"widget\" data-widget_type=\"text-editor.default\">\n\t\t\t\t<div class=\"elementor-widget-container\">\n\t\t\t<style>\/*! elementor - v3.8.0 - 30-10-2022 *\/\n.elementor-widget-text-editor.elementor-drop-cap-view-stacked .elementor-drop-cap{background-color:#818a91;color:#fff}.elementor-widget-text-editor.elementor-drop-cap-view-framed .elementor-drop-cap{color:#818a91;border:3px solid;background-color:transparent}.elementor-widget-text-editor:not(.elementor-drop-cap-view-default) .elementor-drop-cap{margin-top:8px}.elementor-widget-text-editor:not(.elementor-drop-cap-view-default) .elementor-drop-cap-letter{width:1em;height:1em}.elementor-widget-text-editor .elementor-drop-cap{float:left;text-align:center;line-height:1;font-size:50px}.elementor-widget-text-editor .elementor-drop-cap-letter{display:inline-block}<\/style>\t\t\t\t<p>Un salon professionnel, un anniversaire d\u2019entreprise, un lancement de produit, un s\u00e9minaire : les cadeaux d\u2019entreprise ou goodies sont devenus essentiels \u00e0 de nombreuses manifestations. Ces objets publicitaires vous permettront de communiquer efficacement de mani\u00e8re originale et cr\u00e9ative, permettant ainsi de valoriser l\u2019image de votre marque et participer activement \u00e0 l\u2019entretien ou au d\u00e9veloppement de votre notori\u00e9t\u00e9. L\u2019impact fort sur les clients et les prospects n\u2019est plus \u00e0 prouver mais il reste \u00e0 entretenir cet int\u00e9r\u00eat gr\u00e2ce \u00e0 des goodies originaux qui seront conserv\u00e9s le plus longtemps possibles.<\/p><p>Distribuer des goodies est une attraction sur laquelle attraction que mise la strat\u00e9gie de communication par l\u2019objet. Et m\u00eame si elle peut sembler co\u00fbteuse au premier abord, elle permet de d\u00e9gager de r\u00e9els retours sur investissement.\u00a0<span style=\"color: #003366;\"><b>Magnifik Events<\/b><\/span>\u00a0veillera \u00e0 vous proposer une large gamme de cadeaux promotionnels, personnalisable et originale\u00a0: insolite, high-tech, classique,\u2026\u00a0;\u00a0<\/p><p>qui correspondra aux besoins de votre cible et sera utilis\u00e9e quotidiennement ou presque. Cela implique que votre marque se d\u00e9marquera de la concurrence et sera visible continuellement \u00e0 ses yeux, votre soci\u00e9t\u00e9 sera donc son premier choix. Une communication \u00e9v\u00e9nementielle r\u00e9ussie !<\/p>\t\t\t\t\t\t<\/div>\n\t\t\t\t<\/div>\n\t\t\t\t\t<\/div>\n\t\t<\/div>\n\t\t\t\t\t\t\t<\/div>\n\t\t<\/section>\n\t\t\t\t\t\t\t<\/div>\n\t\t","protected":false},"excerpt":{"rendered":"<p>Pr\u00e9c\u00e9dent Suivant COMMUNICATION PAR L\u2019OBJET \/ CADEAUX D\u2019ENTREPRISE Un salon professionnel, un anniversaire d\u2019entreprise, un lancement de produit, un s\u00e9minaire : les cadeaux d\u2019entreprise ou goodies sont devenus essentiels \u00e0 de nombreuses manifestations. Ces objets publicitaires vous permettront de communiquer efficacement de mani\u00e8re originale et cr\u00e9ative, permettant ainsi de valoriser l\u2019image de votre marque et &hellip; <\/p>\n<p class=\"link-more\"><a href=\"https:\/\/magnifikevents.tn\/?page_id=871\" class=\"more-link\">Continue reading<span class=\"screen-reader-text\"> &#8220;CADEAUX D\u2019ENTREPRISE&#8221;<\/span><\/a><\/p>\n","protected":false},"author":1,"featured_media":0,"parent":0,"menu_order":0,"comment_status":"closed","ping_status":"closed","template":"","meta":{"_regular_price":[],"currency_symbol":[],"om_disable_all_campaigns":false,"_mi_skip_tracking":false,"footnotes":""},"class_list":["post-871","page","type-page","status-publish","hentry"],"post_slider_layout_featured_media_urls":{"thumbnail":"","post_slider_layout_landscape_large":"","post_slider_layout_portrait_large":"","post_slider_layout_square_large":"","post_slider_layout_landscape":"","post_slider_layout_portrait":"","post_slider_layout_square":"","full":""},"yoast_head":"<!-- This site is optimized with the Yoast SEO plugin v19.9 - https:\/\/yoast.com\/wordpress\/plugins\/seo\/ -->\n<title>CADEAUX D\u2019ENTREPRISE -<\/title>\n<meta name=\"robots\" content=\"noindex, follow, max-snippet:-1, max-image-preview:large, max-video-preview:-1\" \/>\n<meta property=\"og:locale\" content=\"fr_FR\" \/>\n<meta property=\"og:type\" content=\"article\" \/>\n<meta property=\"og:title\" content=\"CADEAUX D\u2019ENTREPRISE -\" \/>\n<meta property=\"og:description\" content=\"Pr\u00e9c\u00e9dent Suivant COMMUNICATION PAR L\u2019OBJET \/ CADEAUX D\u2019ENTREPRISE Un salon professionnel, un anniversaire d\u2019entreprise, un lancement de produit, un s\u00e9minaire : les cadeaux d\u2019entreprise ou goodies sont devenus essentiels \u00e0 de nombreuses manifestations. Ces objets publicitaires vous permettront de communiquer efficacement de mani\u00e8re originale et cr\u00e9ative, permettant ainsi de valoriser l\u2019image de votre marque et &hellip; Continue reading &quot;CADEAUX D\u2019ENTREPRISE&quot;\" \/>\n<meta property=\"og:url\" content=\"https:\/\/magnifikevents.tn\/?page_id=871\" \/>\n<meta property=\"article:publisher\" content=\"https:\/\/www.facebook.com\/people\/Magnifik-Events\/100063552277848\/\" \/>\n<meta property=\"article:modified_time\" content=\"2022-11-30T09:09:14+00:00\" \/>\n<meta property=\"og:image\" content=\"https:\/\/magnifikevents.tn\/wp-content\/uploads\/2022\/11\/cadeaux-slide.png\" \/>\n<meta name=\"twitter:card\" content=\"summary_large_image\" \/>\n<meta name=\"twitter:label1\" content=\"Dur\u00e9e de lecture estim\u00e9e\" \/>\n\t<meta name=\"twitter:data1\" content=\"2 minutes\" \/>\n<script type=\"application\/ld+json\" class=\"yoast-schema-graph\">{\"@context\":\"https:\/\/schema.org\",\"@graph\":[{\"@type\":\"WebPage\",\"@id\":\"https:\/\/magnifikevents.tn\/?page_id=871\",\"url\":\"https:\/\/magnifikevents.tn\/?page_id=871\",\"name\":\"CADEAUX D\u2019ENTREPRISE -\",\"isPartOf\":{\"@id\":\"https:\/\/magnifikevents.tn\/#website\"},\"datePublished\":\"2022-11-02T09:12:15+00:00\",\"dateModified\":\"2022-11-30T09:09:14+00:00\",\"breadcrumb\":{\"@id\":\"https:\/\/magnifikevents.tn\/?page_id=871#breadcrumb\"},\"inLanguage\":\"fr-FR\",\"potentialAction\":[{\"@type\":\"ReadAction\",\"target\":[\"https:\/\/magnifikevents.tn\/?page_id=871\"]}]},{\"@type\":\"BreadcrumbList\",\"@id\":\"https:\/\/magnifikevents.tn\/?page_id=871#breadcrumb\",\"itemListElement\":[{\"@type\":\"ListItem\",\"position\":1,\"name\":\"Accueil\",\"item\":\"https:\/\/magnifikevents.tn\/\"},{\"@type\":\"ListItem\",\"position\":2,\"name\":\"CADEAUX D\u2019ENTREPRISE\"}]},{\"@type\":\"WebSite\",\"@id\":\"https:\/\/magnifikevents.tn\/#website\",\"url\":\"https:\/\/magnifikevents.tn\/\",\"name\":\"magnifikevents.tn\",\"description\":\"\",\"publisher\":{\"@id\":\"https:\/\/magnifikevents.tn\/#organization\"},\"alternateName\":\"magnifikevents.tn\",\"potentialAction\":[{\"@type\":\"SearchAction\",\"target\":{\"@type\":\"EntryPoint\",\"urlTemplate\":\"https:\/\/magnifikevents.tn\/?s={search_term_string}\"},\"query-input\":\"required name=search_term_string\"}],\"inLanguage\":\"fr-FR\"},{\"@type\":\"Organization\",\"@id\":\"https:\/\/magnifikevents.tn\/#organization\",\"name\":\"Magnifik events\",\"alternateName\":\"magnifikevents.tn\",\"url\":\"https:\/\/magnifikevents.tn\/\",\"logo\":{\"@type\":\"ImageObject\",\"inLanguage\":\"fr-FR\",\"@id\":\"https:\/\/magnifikevents.tn\/#\/schema\/logo\/image\/\",\"url\":\"https:\/\/magnifikevents.tn\/wp-content\/uploads\/2022\/11\/cropped-magnifikevents-new-2-1-2.png\",\"contentUrl\":\"https:\/\/magnifikevents.tn\/wp-content\/uploads\/2022\/11\/cropped-magnifikevents-new-2-1-2.png\",\"width\":240,\"height\":68,\"caption\":\"Magnifik events\"},\"image\":{\"@id\":\"https:\/\/magnifikevents.tn\/#\/schema\/logo\/image\/\"},\"sameAs\":[\"https:\/\/www.instagram.com\/magnifik.events\/?hl=fr\",\"https:\/\/www.facebook.com\/people\/Magnifik-Events\/100063552277848\/\"]}]}<\/script>\n<!-- \/ Yoast SEO plugin. -->","yoast_head_json":{"title":"CADEAUX D\u2019ENTREPRISE -","robots":{"index":"noindex","follow":"follow","max-snippet":"max-snippet:-1","max-image-preview":"max-image-preview:large","max-video-preview":"max-video-preview:-1"},"og_locale":"fr_FR","og_type":"article","og_title":"CADEAUX D\u2019ENTREPRISE -","og_description":"Pr\u00e9c\u00e9dent Suivant COMMUNICATION PAR L\u2019OBJET \/ CADEAUX D\u2019ENTREPRISE Un salon professionnel, un anniversaire d\u2019entreprise, un lancement de produit, un s\u00e9minaire : les cadeaux d\u2019entreprise ou goodies sont devenus essentiels \u00e0 de nombreuses manifestations. Ces objets publicitaires vous permettront de communiquer efficacement de mani\u00e8re originale et cr\u00e9ative, permettant ainsi de valoriser l\u2019image de votre marque et &hellip; Continue reading \"CADEAUX D\u2019ENTREPRISE\"","og_url":"https:\/\/magnifikevents.tn\/?page_id=871","article_publisher":"https:\/\/www.facebook.com\/people\/Magnifik-Events\/100063552277848\/","article_modified_time":"2022-11-30T09:09:14+00:00","og_image":[{"url":"https:\/\/magnifikevents.tn\/wp-content\/uploads\/2022\/11\/cadeaux-slide.png"}],"twitter_card":"summary_large_image","twitter_misc":{"Dur\u00e9e de lecture estim\u00e9e":"2 minutes"},"schema":{"@context":"https:\/\/schema.org","@graph":[{"@type":"WebPage","@id":"https:\/\/magnifikevents.tn\/?page_id=871","url":"https:\/\/magnifikevents.tn\/?page_id=871","name":"CADEAUX D\u2019ENTREPRISE -","isPartOf":{"@id":"https:\/\/magnifikevents.tn\/#website"},"datePublished":"2022-11-02T09:12:15+00:00","dateModified":"2022-11-30T09:09:14+00:00","breadcrumb":{"@id":"https:\/\/magnifikevents.tn\/?page_id=871#breadcrumb"},"inLanguage":"fr-FR","potentialAction":[{"@type":"ReadAction","target":["https:\/\/magnifikevents.tn\/?page_id=871"]}]},{"@type":"BreadcrumbList","@id":"https:\/\/magnifikevents.tn\/?page_id=871#breadcrumb","itemListElement":[{"@type":"ListItem","position":1,"name":"Accueil","item":"https:\/\/magnifikevents.tn\/"},{"@type":"ListItem","position":2,"name":"CADEAUX D\u2019ENTREPRISE"}]},{"@type":"WebSite","@id":"https:\/\/magnifikevents.tn\/#website","url":"https:\/\/magnifikevents.tn\/","name":"magnifikevents.tn","description":"","publisher":{"@id":"https:\/\/magnifikevents.tn\/#organization"},"alternateName":"magnifikevents.tn","potentialAction":[{"@type":"SearchAction","target":{"@type":"EntryPoint","urlTemplate":"https:\/\/magnifikevents.tn\/?s={search_term_string}"},"query-input":"required name=search_term_string"}],"inLanguage":"fr-FR"},{"@type":"Organization","@id":"https:\/\/magnifikevents.tn\/#organization","name":"Magnifik events","alternateName":"magnifikevents.tn","url":"https:\/\/magnifikevents.tn\/","logo":{"@type":"ImageObject","inLanguage":"fr-FR","@id":"https:\/\/magnifikevents.tn\/#\/schema\/logo\/image\/","url":"https:\/\/magnifikevents.tn\/wp-content\/uploads\/2022\/11\/cropped-magnifikevents-new-2-1-2.png","contentUrl":"https:\/\/magnifikevents.tn\/wp-content\/uploads\/2022\/11\/cropped-magnifikevents-new-2-1-2.png","width":240,"height":68,"caption":"Magnifik events"},"image":{"@id":"https:\/\/magnifikevents.tn\/#\/schema\/logo\/image\/"},"sameAs":["https:\/\/www.instagram.com\/magnifik.events\/?hl=fr","https:\/\/www.facebook.com\/people\/Magnifik-Events\/100063552277848\/"]}]}},"_links":{"self":[{"href":"https:\/\/magnifikevents.tn\/index.php?rest_route=\/wp\/v2\/pages\/871","targetHints":{"allow":["GET"]}}],"collection":[{"href":"https:\/\/magnifikevents.tn\/index.php?rest_route=\/wp\/v2\/pages"}],"about":[{"href":"https:\/\/magnifikevents.tn\/index.php?rest_route=\/wp\/v2\/types\/page"}],"author":[{"embeddable":true,"href":"https:\/\/magnifikevents.tn\/index.php?rest_route=\/wp\/v2\/users\/1"}],"replies":[{"embeddable":true,"href":"https:\/\/magnifikevents.tn\/index.php?rest_route=%2Fwp%2Fv2%2Fcomments&post=871"}],"version-history":[{"count":65,"href":"https:\/\/magnifikevents.tn\/index.php?rest_route=\/wp\/v2\/pages\/871\/revisions"}],"predecessor-version":[{"id":2797,"href":"https:\/\/magnifikevents.tn\/index.php?rest_route=\/wp\/v2\/pages\/871\/revisions\/2797"}],"wp:attachment":[{"href":"https:\/\/magnifikevents.tn\/index.php?rest_route=%2Fwp%2Fv2%2Fmedia&parent=871"}],"curies":[{"name":"wp","href":"https:\/\/api.w.org\/{rel}","templated":true}]}}