{"id":847,"date":"2022-11-02T09:04:47","date_gmt":"2022-11-02T09:04:47","guid":{"rendered":"https:\/\/magnifikevents.tn\/?page_id=847"},"modified":"2022-11-30T10:51:38","modified_gmt":"2022-11-30T10:51:38","slug":"seminaire-dentreprise","status":"publish","type":"page","link":"https:\/\/magnifikevents.tn\/?page_id=847","title":{"rendered":"S\u00c9MINAIRE D&#8217;ENTREPRISE\u200b"},"content":{"rendered":"\t\t<div data-elementor-type=\"wp-page\" data-elementor-id=\"847\" class=\"elementor elementor-847\">\n\t\t\t\t\t\t\t\t\t<section class=\"elementor-section elementor-top-section elementor-element elementor-element-5353991 elementor-section-full_width elementor-section-stretched elementor-reverse-tablet elementor-reverse-mobile elementor-section-height-default elementor-section-height-default\" data-id=\"5353991\" data-element_type=\"section\" data-settings=\"{&quot;stretch_section&quot;:&quot;section-stretched&quot;}\">\n\t\t\t\t\t\t<div class=\"elementor-container elementor-column-gap-default\">\n\t\t\t\t\t<div class=\"elementor-column elementor-col-100 elementor-top-column elementor-element elementor-element-794bf30\" data-id=\"794bf30\" data-element_type=\"column\">\n\t\t\t<div class=\"elementor-widget-wrap elementor-element-populated\">\n\t\t\t\t\t\t\t\t<div class=\"elementor-element elementor-element-3404d27 elementor-arrows-position-inside elementor-pagination-position-outside elementor-widget elementor-widget-image-carousel\" data-id=\"3404d27\" data-element_type=\"widget\" data-settings=\"{&quot;slides_to_show&quot;:&quot;1&quot;,&quot;navigation&quot;:&quot;both&quot;,&quot;autoplay&quot;:&quot;yes&quot;,&quot;pause_on_hover&quot;:&quot;yes&quot;,&quot;pause_on_interaction&quot;:&quot;yes&quot;,&quot;autoplay_speed&quot;:5000,&quot;infinite&quot;:&quot;yes&quot;,&quot;effect&quot;:&quot;slide&quot;,&quot;speed&quot;:500}\" data-widget_type=\"image-carousel.default\">\n\t\t\t\t<div class=\"elementor-widget-container\">\n\t\t\t<style>\/*! elementor - v3.8.0 - 30-10-2022 *\/\n.elementor-widget-image-carousel .swiper-container{position:static}.elementor-widget-image-carousel .swiper-container .swiper-slide figure{line-height:inherit}.elementor-widget-image-carousel .swiper-slide{text-align:center}.elementor-image-carousel-wrapper:not(.swiper-container-initialized) .swiper-slide{max-width:calc(100% \/ var(--e-image-carousel-slides-to-show, 3))}<\/style>\t\t<div class=\"elementor-image-carousel-wrapper swiper-container\" dir=\"ltr\">\n\t\t\t<div class=\"elementor-image-carousel swiper-wrapper swiper-image-stretch\">\n\t\t\t\t\t\t\t\t<div class=\"swiper-slide\"><figure class=\"swiper-slide-inner\"><img decoding=\"async\" class=\"swiper-slide-image\" src=\"https:\/\/magnifikevents.tn\/wp-content\/uploads\/2022\/11\/seminaire1.png\" alt=\"s\u00e9minaire1\" \/><\/figure><\/div>\t\t\t<\/div>\n\t\t\t\t\t<\/div>\n\t\t\t\t<\/div>\n\t\t\t\t<\/div>\n\t\t\t\t\t<\/div>\n\t\t<\/div>\n\t\t\t\t\t\t\t<\/div>\n\t\t<\/section>\n\t\t\t\t<section class=\"elementor-section elementor-top-section elementor-element elementor-element-f8e4146 elementor-reverse-tablet elementor-reverse-mobile elementor-section-boxed elementor-section-height-default elementor-section-height-default\" data-id=\"f8e4146\" data-element_type=\"section\">\n\t\t\t\t\t\t<div class=\"elementor-container elementor-column-gap-default\">\n\t\t\t\t\t<div class=\"elementor-column elementor-col-50 elementor-top-column elementor-element elementor-element-90be897\" data-id=\"90be897\" data-element_type=\"column\">\n\t\t\t<div class=\"elementor-widget-wrap elementor-element-populated\">\n\t\t\t\t\t\t\t\t<div class=\"elementor-element elementor-element-1ec6747 elementor-widget elementor-widget-image\" data-id=\"1ec6747\" data-element_type=\"widget\" data-widget_type=\"image.default\">\n\t\t\t\t<div class=\"elementor-widget-container\">\n\t\t\t<style>\/*! elementor - v3.8.0 - 30-10-2022 *\/\n.elementor-widget-image{text-align:center}.elementor-widget-image a{display:inline-block}.elementor-widget-image a img[src$=\".svg\"]{width:48px}.elementor-widget-image img{vertical-align:middle;display:inline-block}<\/style>\t\t\t\t\t\t\t\t\t\t\t\t<img loading=\"lazy\" decoding=\"async\" width=\"1200\" height=\"800\" src=\"https:\/\/magnifikevents.tn\/wp-content\/uploads\/2022\/11\/seminaire-entreprise-animateur.jpg\" class=\"attachment-full size-full\" alt=\"\" srcset=\"https:\/\/magnifikevents.tn\/wp-content\/uploads\/2022\/11\/seminaire-entreprise-animateur.jpg 1200w, https:\/\/magnifikevents.tn\/wp-content\/uploads\/2022\/11\/seminaire-entreprise-animateur-300x200.jpg 300w, https:\/\/magnifikevents.tn\/wp-content\/uploads\/2022\/11\/seminaire-entreprise-animateur-1024x683.jpg 1024w, https:\/\/magnifikevents.tn\/wp-content\/uploads\/2022\/11\/seminaire-entreprise-animateur-768x512.jpg 768w, https:\/\/magnifikevents.tn\/wp-content\/uploads\/2022\/11\/seminaire-entreprise-animateur-600x400.jpg 600w\" sizes=\"auto, (max-width: 1200px) 100vw, 1200px\" \/>\t\t\t\t\t\t\t\t\t\t\t\t\t\t\t<\/div>\n\t\t\t\t<\/div>\n\t\t\t\t\t<\/div>\n\t\t<\/div>\n\t\t\t\t<div class=\"elementor-column elementor-col-50 elementor-top-column elementor-element elementor-element-1d5fe3a\" data-id=\"1d5fe3a\" data-element_type=\"column\">\n\t\t\t<div class=\"elementor-widget-wrap elementor-element-populated\">\n\t\t\t\t\t\t\t\t<div class=\"elementor-element elementor-element-42a02fa elementor-widget elementor-widget-heading\" data-id=\"42a02fa\" data-element_type=\"widget\" data-widget_type=\"heading.default\">\n\t\t\t\t<div class=\"elementor-widget-container\">\n\t\t\t<style>\/*! elementor - v3.8.0 - 30-10-2022 *\/\n.elementor-heading-title{padding:0;margin:0;line-height:1}.elementor-widget-heading .elementor-heading-title[class*=elementor-size-]>a{color:inherit;font-size:inherit;line-height:inherit}.elementor-widget-heading .elementor-heading-title.elementor-size-small{font-size:15px}.elementor-widget-heading .elementor-heading-title.elementor-size-medium{font-size:19px}.elementor-widget-heading .elementor-heading-title.elementor-size-large{font-size:29px}.elementor-widget-heading .elementor-heading-title.elementor-size-xl{font-size:39px}.elementor-widget-heading .elementor-heading-title.elementor-size-xxl{font-size:59px}<\/style><h2 class=\"elementor-heading-title elementor-size-default\">S\u00c9MINAIRE D'ENTREPRISE\u200b<\/h2>\t\t<\/div>\n\t\t\t\t<\/div>\n\t\t\t\t<div class=\"elementor-element elementor-element-c5abe81 elementor-widget elementor-widget-text-editor\" data-id=\"c5abe81\" data-element_type=\"widget\" data-widget_type=\"text-editor.default\">\n\t\t\t\t<div class=\"elementor-widget-container\">\n\t\t\t<style>\/*! elementor - v3.8.0 - 30-10-2022 *\/\n.elementor-widget-text-editor.elementor-drop-cap-view-stacked .elementor-drop-cap{background-color:#818a91;color:#fff}.elementor-widget-text-editor.elementor-drop-cap-view-framed .elementor-drop-cap{color:#818a91;border:3px solid;background-color:transparent}.elementor-widget-text-editor:not(.elementor-drop-cap-view-default) .elementor-drop-cap{margin-top:8px}.elementor-widget-text-editor:not(.elementor-drop-cap-view-default) .elementor-drop-cap-letter{width:1em;height:1em}.elementor-widget-text-editor .elementor-drop-cap{float:left;text-align:center;line-height:1;font-size:50px}.elementor-widget-text-editor .elementor-drop-cap-letter{display:inline-block}<\/style>\t\t\t\t<p>Le s\u00e9minaire, utilis\u00e9 comme outil de management, est devenu incontournable pour les entreprises qui souhaitent faire d\u00e9couvrir la strat\u00e9gie et la vision globale de la soci\u00e9t\u00e9 \u00e0 leurs salari\u00e9s. En dehors du cadre professionnel habituel, en Tunisie ou \u00e0 l\u2019international, le s\u00e9minaire se d\u00e9roule g\u00e9n\u00e9ralement sur un ou plusieurs jours et dans un lieu adapt\u00e9 au message \u00e0 d\u00e9livrer. Il repose sur la participation active des salari\u00e9s et cr\u00e9e un dialogue entre les participants et la direction. Afin de maintenir ou de cr\u00e9er un bon esprit d\u2019\u00e9quipe, le s\u00e9minaire est souvent agr\u00e9ment\u00e9 d\u2019activit\u00e9s ludiques, sportives ou culturelles.<\/p><p>L\u2019organisation de s\u00e9minaires \u00e9tant au c\u0153ur de son m\u00e9tier, <strong><span style=\"color: #003366;\">Magnifik Events<\/span><\/strong>\u00a0se propose \u00e0 vous offrir des solutions appropri\u00e9es en termes d\u2019h\u00e9bergement, de restauration, de transport, d\u2019activit\u00e9s et de soir\u00e9e en fonction de votre budget et de vos aspirations.<\/p>\t\t\t\t\t\t<\/div>\n\t\t\t\t<\/div>\n\t\t\t\t\t<\/div>\n\t\t<\/div>\n\t\t\t\t\t\t\t<\/div>\n\t\t<\/section>\n\t\t\t\t\t\t\t<\/div>\n\t\t","protected":false},"excerpt":{"rendered":"<p>S\u00c9MINAIRE D&#8217;ENTREPRISE\u200b Le s\u00e9minaire, utilis\u00e9 comme outil de management, est devenu incontournable pour les entreprises qui souhaitent faire d\u00e9couvrir la strat\u00e9gie et la vision globale de la soci\u00e9t\u00e9 \u00e0 leurs salari\u00e9s. En dehors du cadre professionnel habituel, en Tunisie ou \u00e0 l\u2019international, le s\u00e9minaire se d\u00e9roule g\u00e9n\u00e9ralement sur un ou plusieurs jours et dans un &hellip; <\/p>\n<p class=\"link-more\"><a href=\"https:\/\/magnifikevents.tn\/?page_id=847\" class=\"more-link\">Continue reading<span class=\"screen-reader-text\"> &#8220;S\u00c9MINAIRE D&#8217;ENTREPRISE\u200b&#8221;<\/span><\/a><\/p>\n","protected":false},"author":1,"featured_media":0,"parent":0,"menu_order":0,"comment_status":"closed","ping_status":"closed","template":"","meta":{"_regular_price":[],"currency_symbol":[],"om_disable_all_campaigns":false,"_mi_skip_tracking":false,"footnotes":""},"class_list":["post-847","page","type-page","status-publish","hentry"],"post_slider_layout_featured_media_urls":{"thumbnail":"","post_slider_layout_landscape_large":"","post_slider_layout_portrait_large":"","post_slider_layout_square_large":"","post_slider_layout_landscape":"","post_slider_layout_portrait":"","post_slider_layout_square":"","full":""},"yoast_head":"<!-- This site is optimized with the Yoast SEO plugin v19.9 - https:\/\/yoast.com\/wordpress\/plugins\/seo\/ -->\n<title>S\u00c9MINAIRE D&#039;ENTREPRISE\u200b -<\/title>\n<meta name=\"robots\" content=\"noindex, follow, max-snippet:-1, max-image-preview:large, max-video-preview:-1\" \/>\n<meta property=\"og:locale\" content=\"fr_FR\" \/>\n<meta property=\"og:type\" content=\"article\" \/>\n<meta property=\"og:title\" content=\"S\u00c9MINAIRE D&#039;ENTREPRISE\u200b -\" \/>\n<meta property=\"og:description\" content=\"S\u00c9MINAIRE D&#8217;ENTREPRISE\u200b Le s\u00e9minaire, utilis\u00e9 comme outil de management, est devenu incontournable pour les entreprises qui souhaitent faire d\u00e9couvrir la strat\u00e9gie et la vision globale de la soci\u00e9t\u00e9 \u00e0 leurs salari\u00e9s. En dehors du cadre professionnel habituel, en Tunisie ou \u00e0 l\u2019international, le s\u00e9minaire se d\u00e9roule g\u00e9n\u00e9ralement sur un ou plusieurs jours et dans un &hellip; Continue reading &quot;S\u00c9MINAIRE D&#8217;ENTREPRISE\u200b&quot;\" \/>\n<meta property=\"og:url\" content=\"https:\/\/magnifikevents.tn\/?page_id=847\" \/>\n<meta property=\"article:publisher\" content=\"https:\/\/www.facebook.com\/people\/Magnifik-Events\/100063552277848\/\" \/>\n<meta property=\"article:modified_time\" content=\"2022-11-30T10:51:38+00:00\" \/>\n<meta property=\"og:image\" content=\"https:\/\/magnifikevents.tn\/wp-content\/uploads\/2022\/11\/seminaire1.png\" \/>\n<meta name=\"twitter:card\" content=\"summary_large_image\" \/>\n<meta name=\"twitter:label1\" content=\"Dur\u00e9e de lecture estim\u00e9e\" \/>\n\t<meta name=\"twitter:data1\" content=\"2 minutes\" \/>\n<script type=\"application\/ld+json\" class=\"yoast-schema-graph\">{\"@context\":\"https:\/\/schema.org\",\"@graph\":[{\"@type\":\"WebPage\",\"@id\":\"https:\/\/magnifikevents.tn\/?page_id=847\",\"url\":\"https:\/\/magnifikevents.tn\/?page_id=847\",\"name\":\"S\u00c9MINAIRE D'ENTREPRISE\u200b -\",\"isPartOf\":{\"@id\":\"https:\/\/magnifikevents.tn\/#website\"},\"datePublished\":\"2022-11-02T09:04:47+00:00\",\"dateModified\":\"2022-11-30T10:51:38+00:00\",\"breadcrumb\":{\"@id\":\"https:\/\/magnifikevents.tn\/?page_id=847#breadcrumb\"},\"inLanguage\":\"fr-FR\",\"potentialAction\":[{\"@type\":\"ReadAction\",\"target\":[\"https:\/\/magnifikevents.tn\/?page_id=847\"]}]},{\"@type\":\"BreadcrumbList\",\"@id\":\"https:\/\/magnifikevents.tn\/?page_id=847#breadcrumb\",\"itemListElement\":[{\"@type\":\"ListItem\",\"position\":1,\"name\":\"Accueil\",\"item\":\"https:\/\/magnifikevents.tn\/\"},{\"@type\":\"ListItem\",\"position\":2,\"name\":\"S\u00c9MINAIRE D&#8217;ENTREPRISE\u200b\"}]},{\"@type\":\"WebSite\",\"@id\":\"https:\/\/magnifikevents.tn\/#website\",\"url\":\"https:\/\/magnifikevents.tn\/\",\"name\":\"magnifikevents.tn\",\"description\":\"\",\"publisher\":{\"@id\":\"https:\/\/magnifikevents.tn\/#organization\"},\"alternateName\":\"magnifikevents.tn\",\"potentialAction\":[{\"@type\":\"SearchAction\",\"target\":{\"@type\":\"EntryPoint\",\"urlTemplate\":\"https:\/\/magnifikevents.tn\/?s={search_term_string}\"},\"query-input\":\"required name=search_term_string\"}],\"inLanguage\":\"fr-FR\"},{\"@type\":\"Organization\",\"@id\":\"https:\/\/magnifikevents.tn\/#organization\",\"name\":\"Magnifik events\",\"alternateName\":\"magnifikevents.tn\",\"url\":\"https:\/\/magnifikevents.tn\/\",\"logo\":{\"@type\":\"ImageObject\",\"inLanguage\":\"fr-FR\",\"@id\":\"https:\/\/magnifikevents.tn\/#\/schema\/logo\/image\/\",\"url\":\"https:\/\/magnifikevents.tn\/wp-content\/uploads\/2022\/11\/cropped-magnifikevents-new-2-1-2.png\",\"contentUrl\":\"https:\/\/magnifikevents.tn\/wp-content\/uploads\/2022\/11\/cropped-magnifikevents-new-2-1-2.png\",\"width\":240,\"height\":68,\"caption\":\"Magnifik events\"},\"image\":{\"@id\":\"https:\/\/magnifikevents.tn\/#\/schema\/logo\/image\/\"},\"sameAs\":[\"https:\/\/www.instagram.com\/magnifik.events\/?hl=fr\",\"https:\/\/www.facebook.com\/people\/Magnifik-Events\/100063552277848\/\"]}]}<\/script>\n<!-- \/ Yoast SEO plugin. -->","yoast_head_json":{"title":"S\u00c9MINAIRE D'ENTREPRISE\u200b -","robots":{"index":"noindex","follow":"follow","max-snippet":"max-snippet:-1","max-image-preview":"max-image-preview:large","max-video-preview":"max-video-preview:-1"},"og_locale":"fr_FR","og_type":"article","og_title":"S\u00c9MINAIRE D'ENTREPRISE\u200b -","og_description":"S\u00c9MINAIRE D&#8217;ENTREPRISE\u200b Le s\u00e9minaire, utilis\u00e9 comme outil de management, est devenu incontournable pour les entreprises qui souhaitent faire d\u00e9couvrir la strat\u00e9gie et la vision globale de la soci\u00e9t\u00e9 \u00e0 leurs salari\u00e9s. En dehors du cadre professionnel habituel, en Tunisie ou \u00e0 l\u2019international, le s\u00e9minaire se d\u00e9roule g\u00e9n\u00e9ralement sur un ou plusieurs jours et dans un &hellip; Continue reading \"S\u00c9MINAIRE D&#8217;ENTREPRISE\u200b\"","og_url":"https:\/\/magnifikevents.tn\/?page_id=847","article_publisher":"https:\/\/www.facebook.com\/people\/Magnifik-Events\/100063552277848\/","article_modified_time":"2022-11-30T10:51:38+00:00","og_image":[{"url":"https:\/\/magnifikevents.tn\/wp-content\/uploads\/2022\/11\/seminaire1.png"}],"twitter_card":"summary_large_image","twitter_misc":{"Dur\u00e9e de lecture estim\u00e9e":"2 minutes"},"schema":{"@context":"https:\/\/schema.org","@graph":[{"@type":"WebPage","@id":"https:\/\/magnifikevents.tn\/?page_id=847","url":"https:\/\/magnifikevents.tn\/?page_id=847","name":"S\u00c9MINAIRE D'ENTREPRISE\u200b -","isPartOf":{"@id":"https:\/\/magnifikevents.tn\/#website"},"datePublished":"2022-11-02T09:04:47+00:00","dateModified":"2022-11-30T10:51:38+00:00","breadcrumb":{"@id":"https:\/\/magnifikevents.tn\/?page_id=847#breadcrumb"},"inLanguage":"fr-FR","potentialAction":[{"@type":"ReadAction","target":["https:\/\/magnifikevents.tn\/?page_id=847"]}]},{"@type":"BreadcrumbList","@id":"https:\/\/magnifikevents.tn\/?page_id=847#breadcrumb","itemListElement":[{"@type":"ListItem","position":1,"name":"Accueil","item":"https:\/\/magnifikevents.tn\/"},{"@type":"ListItem","position":2,"name":"S\u00c9MINAIRE D&#8217;ENTREPRISE\u200b"}]},{"@type":"WebSite","@id":"https:\/\/magnifikevents.tn\/#website","url":"https:\/\/magnifikevents.tn\/","name":"magnifikevents.tn","description":"","publisher":{"@id":"https:\/\/magnifikevents.tn\/#organization"},"alternateName":"magnifikevents.tn","potentialAction":[{"@type":"SearchAction","target":{"@type":"EntryPoint","urlTemplate":"https:\/\/magnifikevents.tn\/?s={search_term_string}"},"query-input":"required name=search_term_string"}],"inLanguage":"fr-FR"},{"@type":"Organization","@id":"https:\/\/magnifikevents.tn\/#organization","name":"Magnifik events","alternateName":"magnifikevents.tn","url":"https:\/\/magnifikevents.tn\/","logo":{"@type":"ImageObject","inLanguage":"fr-FR","@id":"https:\/\/magnifikevents.tn\/#\/schema\/logo\/image\/","url":"https:\/\/magnifikevents.tn\/wp-content\/uploads\/2022\/11\/cropped-magnifikevents-new-2-1-2.png","contentUrl":"https:\/\/magnifikevents.tn\/wp-content\/uploads\/2022\/11\/cropped-magnifikevents-new-2-1-2.png","width":240,"height":68,"caption":"Magnifik events"},"image":{"@id":"https:\/\/magnifikevents.tn\/#\/schema\/logo\/image\/"},"sameAs":["https:\/\/www.instagram.com\/magnifik.events\/?hl=fr","https:\/\/www.facebook.com\/people\/Magnifik-Events\/100063552277848\/"]}]}},"_links":{"self":[{"href":"https:\/\/magnifikevents.tn\/index.php?rest_route=\/wp\/v2\/pages\/847","targetHints":{"allow":["GET"]}}],"collection":[{"href":"https:\/\/magnifikevents.tn\/index.php?rest_route=\/wp\/v2\/pages"}],"about":[{"href":"https:\/\/magnifikevents.tn\/index.php?rest_route=\/wp\/v2\/types\/page"}],"author":[{"embeddable":true,"href":"https:\/\/magnifikevents.tn\/index.php?rest_route=\/wp\/v2\/users\/1"}],"replies":[{"embeddable":true,"href":"https:\/\/magnifikevents.tn\/index.php?rest_route=%2Fwp%2Fv2%2Fcomments&post=847"}],"version-history":[{"count":46,"href":"https:\/\/magnifikevents.tn\/index.php?rest_route=\/wp\/v2\/pages\/847\/revisions"}],"predecessor-version":[{"id":2888,"href":"https:\/\/magnifikevents.tn\/index.php?rest_route=\/wp\/v2\/pages\/847\/revisions\/2888"}],"wp:attachment":[{"href":"https:\/\/magnifikevents.tn\/index.php?rest_route=%2Fwp%2Fv2%2Fmedia&parent=847"}],"curies":[{"name":"wp","href":"https:\/\/api.w.org\/{rel}","templated":true}]}}