{"id":838,"date":"2022-11-02T09:00:40","date_gmt":"2022-11-02T09:00:40","guid":{"rendered":"https:\/\/magnifikevents.tn\/?page_id=838"},"modified":"2022-11-30T10:43:39","modified_gmt":"2022-11-30T10:43:39","slug":"evenement-dentreprise","status":"publish","type":"page","link":"https:\/\/magnifikevents.tn\/?page_id=838","title":{"rendered":"\u00c9V\u00c9NEMENTS D\u2019ENTREPRISES"},"content":{"rendered":"\t\t<div data-elementor-type=\"wp-page\" data-elementor-id=\"838\" class=\"elementor elementor-838\">\n\t\t\t\t\t\t\t\t\t<section class=\"elementor-section elementor-top-section elementor-element elementor-element-7758d0b elementor-section-full_width elementor-section-stretched elementor-reverse-tablet elementor-reverse-mobile elementor-section-height-default elementor-section-height-default\" data-id=\"7758d0b\" data-element_type=\"section\" data-settings=\"{&quot;stretch_section&quot;:&quot;section-stretched&quot;}\">\n\t\t\t\t\t\t<div class=\"elementor-container elementor-column-gap-default\">\n\t\t\t\t\t<div class=\"elementor-column elementor-col-100 elementor-top-column elementor-element elementor-element-d67f6d9\" data-id=\"d67f6d9\" data-element_type=\"column\">\n\t\t\t<div class=\"elementor-widget-wrap elementor-element-populated\">\n\t\t\t\t\t\t\t\t<div class=\"elementor-element elementor-element-a6a91cf elementor-arrows-position-inside elementor-pagination-position-outside elementor-widget elementor-widget-image-carousel\" data-id=\"a6a91cf\" data-element_type=\"widget\" data-settings=\"{&quot;slides_to_show&quot;:&quot;1&quot;,&quot;navigation&quot;:&quot;both&quot;,&quot;autoplay&quot;:&quot;yes&quot;,&quot;pause_on_hover&quot;:&quot;yes&quot;,&quot;pause_on_interaction&quot;:&quot;yes&quot;,&quot;autoplay_speed&quot;:5000,&quot;infinite&quot;:&quot;yes&quot;,&quot;effect&quot;:&quot;slide&quot;,&quot;speed&quot;:500}\" data-widget_type=\"image-carousel.default\">\n\t\t\t\t<div class=\"elementor-widget-container\">\n\t\t\t<style>\/*! elementor - v3.8.0 - 30-10-2022 *\/\n.elementor-widget-image-carousel .swiper-container{position:static}.elementor-widget-image-carousel .swiper-container .swiper-slide figure{line-height:inherit}.elementor-widget-image-carousel .swiper-slide{text-align:center}.elementor-image-carousel-wrapper:not(.swiper-container-initialized) .swiper-slide{max-width:calc(100% \/ var(--e-image-carousel-slides-to-show, 3))}<\/style>\t\t<div class=\"elementor-image-carousel-wrapper swiper-container\" dir=\"ltr\">\n\t\t\t<div class=\"elementor-image-carousel swiper-wrapper swiper-image-stretch\">\n\t\t\t\t\t\t\t\t<div class=\"swiper-slide\"><figure class=\"swiper-slide-inner\"><img decoding=\"async\" class=\"swiper-slide-image\" src=\"https:\/\/magnifikevents.tn\/wp-content\/uploads\/2022\/11\/slide2.png\" alt=\"slide2\" \/><\/figure><\/div>\t\t\t<\/div>\n\t\t\t\t\t<\/div>\n\t\t\t\t<\/div>\n\t\t\t\t<\/div>\n\t\t\t\t\t<\/div>\n\t\t<\/div>\n\t\t\t\t\t\t\t<\/div>\n\t\t<\/section>\n\t\t\t\t<section class=\"elementor-section elementor-top-section elementor-element elementor-element-cbcef83 elementor-reverse-tablet elementor-reverse-mobile elementor-section-boxed elementor-section-height-default elementor-section-height-default\" data-id=\"cbcef83\" data-element_type=\"section\">\n\t\t\t\t\t\t<div class=\"elementor-container elementor-column-gap-default\">\n\t\t\t\t\t<div class=\"elementor-column elementor-col-100 elementor-top-column elementor-element elementor-element-aab9ec4\" data-id=\"aab9ec4\" data-element_type=\"column\">\n\t\t\t<div class=\"elementor-widget-wrap elementor-element-populated\">\n\t\t\t\t\t\t\t\t<div class=\"elementor-element elementor-element-dca3c68 elementor-widget elementor-widget-heading\" data-id=\"dca3c68\" data-element_type=\"widget\" data-widget_type=\"heading.default\">\n\t\t\t\t<div class=\"elementor-widget-container\">\n\t\t\t<style>\/*! elementor - v3.8.0 - 30-10-2022 *\/\n.elementor-heading-title{padding:0;margin:0;line-height:1}.elementor-widget-heading .elementor-heading-title[class*=elementor-size-]>a{color:inherit;font-size:inherit;line-height:inherit}.elementor-widget-heading .elementor-heading-title.elementor-size-small{font-size:15px}.elementor-widget-heading .elementor-heading-title.elementor-size-medium{font-size:19px}.elementor-widget-heading .elementor-heading-title.elementor-size-large{font-size:29px}.elementor-widget-heading .elementor-heading-title.elementor-size-xl{font-size:39px}.elementor-widget-heading .elementor-heading-title.elementor-size-xxl{font-size:59px}<\/style><h2 class=\"elementor-heading-title elementor-size-default\">Ev\u00e9nement d\u2019entreprise<\/h2>\t\t<\/div>\n\t\t\t\t<\/div>\n\t\t\t\t<div class=\"elementor-element elementor-element-67b8d94 elementor-widget elementor-widget-text-editor\" data-id=\"67b8d94\" data-element_type=\"widget\" data-widget_type=\"text-editor.default\">\n\t\t\t\t<div class=\"elementor-widget-container\">\n\t\t\t<style>\/*! elementor - v3.8.0 - 30-10-2022 *\/\n.elementor-widget-text-editor.elementor-drop-cap-view-stacked .elementor-drop-cap{background-color:#818a91;color:#fff}.elementor-widget-text-editor.elementor-drop-cap-view-framed .elementor-drop-cap{color:#818a91;border:3px solid;background-color:transparent}.elementor-widget-text-editor:not(.elementor-drop-cap-view-default) .elementor-drop-cap{margin-top:8px}.elementor-widget-text-editor:not(.elementor-drop-cap-view-default) .elementor-drop-cap-letter{width:1em;height:1em}.elementor-widget-text-editor .elementor-drop-cap{float:left;text-align:center;line-height:1;font-size:50px}.elementor-widget-text-editor .elementor-drop-cap-letter{display:inline-block}<\/style>\t\t\t\t<h6>Un \u00e9v\u00e9nement d\u2019entreprise est l\u2019occasion d\u2019impliquer vos collaborateurs dans leur travail mais aussi de cr\u00e9er le lien avec vos clients et partenaires, ils peuvent prendre plusieurs formats\u00a0:<\/h6>\t\t\t\t\t\t<\/div>\n\t\t\t\t<\/div>\n\t\t\t\t<div class=\"elementor-element elementor-element-8b92fdb elementor-widget elementor-widget-text-editor\" data-id=\"8b92fdb\" data-element_type=\"widget\" data-widget_type=\"text-editor.default\">\n\t\t\t\t<div class=\"elementor-widget-container\">\n\t\t\t\t\t\t\t<ul><li>Anniversaire d\u2019entreprise,<\/li><li>Soir\u00e9e cocktail dinatoire,<\/li><li>Remise de prix,<\/li><li>Soir\u00e9e \u00e0 th\u00e8me avec animations musicales et artistiques,<\/li><li>D\u00eener de gala,<\/li><li>Lancement d\u2019un nouveau produit ou d\u2019une nouvelle marque,<\/li><li>Inauguration de nouveaux locaux,<\/li><li>Soir\u00e9e de fin d\u2019ann\u00e9e, etc\u2026<\/li><\/ul>\t\t\t\t\t\t<\/div>\n\t\t\t\t<\/div>\n\t\t\t\t\t<\/div>\n\t\t<\/div>\n\t\t\t\t\t\t\t<\/div>\n\t\t<\/section>\n\t\t\t\t<section class=\"elementor-section elementor-top-section elementor-element elementor-element-b0e63c5 elementor-reverse-tablet elementor-reverse-mobile elementor-section-boxed elementor-section-height-default elementor-section-height-default\" data-id=\"b0e63c5\" data-element_type=\"section\">\n\t\t\t\t\t\t<div class=\"elementor-container elementor-column-gap-default\">\n\t\t\t\t\t<div class=\"elementor-column elementor-col-100 elementor-top-column elementor-element elementor-element-32bdfad\" data-id=\"32bdfad\" data-element_type=\"column\">\n\t\t\t<div class=\"elementor-widget-wrap elementor-element-populated\">\n\t\t\t\t\t\t\t\t<div class=\"elementor-element elementor-element-f42f50e elementor-widget elementor-widget-text-editor\" data-id=\"f42f50e\" data-element_type=\"widget\" data-widget_type=\"text-editor.default\">\n\t\t\t\t<div class=\"elementor-widget-container\">\n\t\t\t\t\t\t\t<h6><span style=\"color: #003366;\"><strong>Magnifik Events<\/strong><\/span>, s\u2019occupe de votre soir\u00e9e \u00e9v\u00e9nementielle de A \u00e0 Z : D\u00e9cors, animations, technique, repas ou cocktail, lieux d\u2019exception, etc.\u2026, afin de faire de votre soir\u00e9e un \u00e9v\u00e9nement unique qui marquera les esprits et laissera \u00e0 vos invit\u00e9s un souvenir de plaisir et de joie qu\u2019ils associeront \u00e0 votre manifestation, et ainsi \u00e0 votre entreprise. Une soir\u00e9e \u00e9v\u00e9nementielle r\u00e9ussie renvoie une bonne image de votre soci\u00e9t\u00e9 \u00e0 vos collaborateurs et \u00e0 vos <span style=\"color: #ffffff;\">clients.<\/span><\/h6>\t\t\t\t\t\t<\/div>\n\t\t\t\t<\/div>\n\t\t\t\t\t<\/div>\n\t\t<\/div>\n\t\t\t\t\t\t\t<\/div>\n\t\t<\/section>\n\t\t\t\t\t\t\t<\/div>\n\t\t","protected":false},"excerpt":{"rendered":"<p>Ev\u00e9nement d\u2019entreprise Un \u00e9v\u00e9nement d\u2019entreprise est l\u2019occasion d\u2019impliquer vos collaborateurs dans leur travail mais aussi de cr\u00e9er le lien avec vos clients et partenaires, ils peuvent prendre plusieurs formats\u00a0: Anniversaire d\u2019entreprise, Soir\u00e9e cocktail dinatoire, Remise de prix, Soir\u00e9e \u00e0 th\u00e8me avec animations musicales et artistiques, D\u00eener de gala, Lancement d\u2019un nouveau produit ou d\u2019une nouvelle &hellip; <\/p>\n<p class=\"link-more\"><a href=\"https:\/\/magnifikevents.tn\/?page_id=838\" class=\"more-link\">Continue reading<span class=\"screen-reader-text\"> &#8220;\u00c9V\u00c9NEMENTS D\u2019ENTREPRISES&#8221;<\/span><\/a><\/p>\n","protected":false},"author":1,"featured_media":0,"parent":0,"menu_order":0,"comment_status":"closed","ping_status":"closed","template":"","meta":{"_regular_price":[],"currency_symbol":[],"om_disable_all_campaigns":false,"_mi_skip_tracking":false,"footnotes":""},"class_list":["post-838","page","type-page","status-publish","hentry"],"post_slider_layout_featured_media_urls":{"thumbnail":"","post_slider_layout_landscape_large":"","post_slider_layout_portrait_large":"","post_slider_layout_square_large":"","post_slider_layout_landscape":"","post_slider_layout_portrait":"","post_slider_layout_square":"","full":""},"yoast_head":"<!-- This site is optimized with the Yoast SEO plugin v19.9 - https:\/\/yoast.com\/wordpress\/plugins\/seo\/ -->\n<title>\u00c9V\u00c9NEMENTS D\u2019ENTREPRISES -<\/title>\n<meta name=\"robots\" content=\"noindex, follow, max-snippet:-1, max-image-preview:large, max-video-preview:-1\" \/>\n<meta property=\"og:locale\" content=\"fr_FR\" \/>\n<meta property=\"og:type\" content=\"article\" \/>\n<meta property=\"og:title\" content=\"\u00c9V\u00c9NEMENTS D\u2019ENTREPRISES -\" \/>\n<meta property=\"og:description\" content=\"Ev\u00e9nement d\u2019entreprise Un \u00e9v\u00e9nement d\u2019entreprise est l\u2019occasion d\u2019impliquer vos collaborateurs dans leur travail mais aussi de cr\u00e9er le lien avec vos clients et partenaires, ils peuvent prendre plusieurs formats\u00a0: Anniversaire d\u2019entreprise, Soir\u00e9e cocktail dinatoire, Remise de prix, Soir\u00e9e \u00e0 th\u00e8me avec animations musicales et artistiques, D\u00eener de gala, Lancement d\u2019un nouveau produit ou d\u2019une nouvelle &hellip; Continue reading &quot;\u00c9V\u00c9NEMENTS D\u2019ENTREPRISES&quot;\" \/>\n<meta property=\"og:url\" content=\"https:\/\/magnifikevents.tn\/?page_id=838\" \/>\n<meta property=\"article:publisher\" content=\"https:\/\/www.facebook.com\/people\/Magnifik-Events\/100063552277848\/\" \/>\n<meta property=\"article:modified_time\" content=\"2022-11-30T10:43:39+00:00\" \/>\n<meta property=\"og:image\" content=\"https:\/\/magnifikevents.tn\/wp-content\/uploads\/2022\/11\/slide2.png\" \/>\n<meta name=\"twitter:card\" content=\"summary_large_image\" \/>\n<meta name=\"twitter:label1\" content=\"Dur\u00e9e de lecture estim\u00e9e\" \/>\n\t<meta name=\"twitter:data1\" content=\"1 minute\" \/>\n<script type=\"application\/ld+json\" class=\"yoast-schema-graph\">{\"@context\":\"https:\/\/schema.org\",\"@graph\":[{\"@type\":\"WebPage\",\"@id\":\"https:\/\/magnifikevents.tn\/?page_id=838\",\"url\":\"https:\/\/magnifikevents.tn\/?page_id=838\",\"name\":\"\u00c9V\u00c9NEMENTS D\u2019ENTREPRISES -\",\"isPartOf\":{\"@id\":\"https:\/\/magnifikevents.tn\/#website\"},\"datePublished\":\"2022-11-02T09:00:40+00:00\",\"dateModified\":\"2022-11-30T10:43:39+00:00\",\"breadcrumb\":{\"@id\":\"https:\/\/magnifikevents.tn\/?page_id=838#breadcrumb\"},\"inLanguage\":\"fr-FR\",\"potentialAction\":[{\"@type\":\"ReadAction\",\"target\":[\"https:\/\/magnifikevents.tn\/?page_id=838\"]}]},{\"@type\":\"BreadcrumbList\",\"@id\":\"https:\/\/magnifikevents.tn\/?page_id=838#breadcrumb\",\"itemListElement\":[{\"@type\":\"ListItem\",\"position\":1,\"name\":\"Accueil\",\"item\":\"https:\/\/magnifikevents.tn\/\"},{\"@type\":\"ListItem\",\"position\":2,\"name\":\"\u00c9V\u00c9NEMENTS D\u2019ENTREPRISES\"}]},{\"@type\":\"WebSite\",\"@id\":\"https:\/\/magnifikevents.tn\/#website\",\"url\":\"https:\/\/magnifikevents.tn\/\",\"name\":\"magnifikevents.tn\",\"description\":\"\",\"publisher\":{\"@id\":\"https:\/\/magnifikevents.tn\/#organization\"},\"alternateName\":\"magnifikevents.tn\",\"potentialAction\":[{\"@type\":\"SearchAction\",\"target\":{\"@type\":\"EntryPoint\",\"urlTemplate\":\"https:\/\/magnifikevents.tn\/?s={search_term_string}\"},\"query-input\":\"required name=search_term_string\"}],\"inLanguage\":\"fr-FR\"},{\"@type\":\"Organization\",\"@id\":\"https:\/\/magnifikevents.tn\/#organization\",\"name\":\"Magnifik events\",\"alternateName\":\"magnifikevents.tn\",\"url\":\"https:\/\/magnifikevents.tn\/\",\"logo\":{\"@type\":\"ImageObject\",\"inLanguage\":\"fr-FR\",\"@id\":\"https:\/\/magnifikevents.tn\/#\/schema\/logo\/image\/\",\"url\":\"https:\/\/magnifikevents.tn\/wp-content\/uploads\/2022\/11\/cropped-magnifikevents-new-2-1-2.png\",\"contentUrl\":\"https:\/\/magnifikevents.tn\/wp-content\/uploads\/2022\/11\/cropped-magnifikevents-new-2-1-2.png\",\"width\":240,\"height\":68,\"caption\":\"Magnifik events\"},\"image\":{\"@id\":\"https:\/\/magnifikevents.tn\/#\/schema\/logo\/image\/\"},\"sameAs\":[\"https:\/\/www.instagram.com\/magnifik.events\/?hl=fr\",\"https:\/\/www.facebook.com\/people\/Magnifik-Events\/100063552277848\/\"]}]}<\/script>\n<!-- \/ Yoast SEO plugin. -->","yoast_head_json":{"title":"\u00c9V\u00c9NEMENTS D\u2019ENTREPRISES -","robots":{"index":"noindex","follow":"follow","max-snippet":"max-snippet:-1","max-image-preview":"max-image-preview:large","max-video-preview":"max-video-preview:-1"},"og_locale":"fr_FR","og_type":"article","og_title":"\u00c9V\u00c9NEMENTS D\u2019ENTREPRISES -","og_description":"Ev\u00e9nement d\u2019entreprise Un \u00e9v\u00e9nement d\u2019entreprise est l\u2019occasion d\u2019impliquer vos collaborateurs dans leur travail mais aussi de cr\u00e9er le lien avec vos clients et partenaires, ils peuvent prendre plusieurs formats\u00a0: Anniversaire d\u2019entreprise, Soir\u00e9e cocktail dinatoire, Remise de prix, Soir\u00e9e \u00e0 th\u00e8me avec animations musicales et artistiques, D\u00eener de gala, Lancement d\u2019un nouveau produit ou d\u2019une nouvelle &hellip; Continue reading \"\u00c9V\u00c9NEMENTS D\u2019ENTREPRISES\"","og_url":"https:\/\/magnifikevents.tn\/?page_id=838","article_publisher":"https:\/\/www.facebook.com\/people\/Magnifik-Events\/100063552277848\/","article_modified_time":"2022-11-30T10:43:39+00:00","og_image":[{"url":"https:\/\/magnifikevents.tn\/wp-content\/uploads\/2022\/11\/slide2.png"}],"twitter_card":"summary_large_image","twitter_misc":{"Dur\u00e9e de lecture estim\u00e9e":"1 minute"},"schema":{"@context":"https:\/\/schema.org","@graph":[{"@type":"WebPage","@id":"https:\/\/magnifikevents.tn\/?page_id=838","url":"https:\/\/magnifikevents.tn\/?page_id=838","name":"\u00c9V\u00c9NEMENTS D\u2019ENTREPRISES -","isPartOf":{"@id":"https:\/\/magnifikevents.tn\/#website"},"datePublished":"2022-11-02T09:00:40+00:00","dateModified":"2022-11-30T10:43:39+00:00","breadcrumb":{"@id":"https:\/\/magnifikevents.tn\/?page_id=838#breadcrumb"},"inLanguage":"fr-FR","potentialAction":[{"@type":"ReadAction","target":["https:\/\/magnifikevents.tn\/?page_id=838"]}]},{"@type":"BreadcrumbList","@id":"https:\/\/magnifikevents.tn\/?page_id=838#breadcrumb","itemListElement":[{"@type":"ListItem","position":1,"name":"Accueil","item":"https:\/\/magnifikevents.tn\/"},{"@type":"ListItem","position":2,"name":"\u00c9V\u00c9NEMENTS D\u2019ENTREPRISES"}]},{"@type":"WebSite","@id":"https:\/\/magnifikevents.tn\/#website","url":"https:\/\/magnifikevents.tn\/","name":"magnifikevents.tn","description":"","publisher":{"@id":"https:\/\/magnifikevents.tn\/#organization"},"alternateName":"magnifikevents.tn","potentialAction":[{"@type":"SearchAction","target":{"@type":"EntryPoint","urlTemplate":"https:\/\/magnifikevents.tn\/?s={search_term_string}"},"query-input":"required name=search_term_string"}],"inLanguage":"fr-FR"},{"@type":"Organization","@id":"https:\/\/magnifikevents.tn\/#organization","name":"Magnifik events","alternateName":"magnifikevents.tn","url":"https:\/\/magnifikevents.tn\/","logo":{"@type":"ImageObject","inLanguage":"fr-FR","@id":"https:\/\/magnifikevents.tn\/#\/schema\/logo\/image\/","url":"https:\/\/magnifikevents.tn\/wp-content\/uploads\/2022\/11\/cropped-magnifikevents-new-2-1-2.png","contentUrl":"https:\/\/magnifikevents.tn\/wp-content\/uploads\/2022\/11\/cropped-magnifikevents-new-2-1-2.png","width":240,"height":68,"caption":"Magnifik events"},"image":{"@id":"https:\/\/magnifikevents.tn\/#\/schema\/logo\/image\/"},"sameAs":["https:\/\/www.instagram.com\/magnifik.events\/?hl=fr","https:\/\/www.facebook.com\/people\/Magnifik-Events\/100063552277848\/"]}]}},"_links":{"self":[{"href":"https:\/\/magnifikevents.tn\/index.php?rest_route=\/wp\/v2\/pages\/838","targetHints":{"allow":["GET"]}}],"collection":[{"href":"https:\/\/magnifikevents.tn\/index.php?rest_route=\/wp\/v2\/pages"}],"about":[{"href":"https:\/\/magnifikevents.tn\/index.php?rest_route=\/wp\/v2\/types\/page"}],"author":[{"embeddable":true,"href":"https:\/\/magnifikevents.tn\/index.php?rest_route=\/wp\/v2\/users\/1"}],"replies":[{"embeddable":true,"href":"https:\/\/magnifikevents.tn\/index.php?rest_route=%2Fwp%2Fv2%2Fcomments&post=838"}],"version-history":[{"count":78,"href":"https:\/\/magnifikevents.tn\/index.php?rest_route=\/wp\/v2\/pages\/838\/revisions"}],"predecessor-version":[{"id":2873,"href":"https:\/\/magnifikevents.tn\/index.php?rest_route=\/wp\/v2\/pages\/838\/revisions\/2873"}],"wp:attachment":[{"href":"https:\/\/magnifikevents.tn\/index.php?rest_route=%2Fwp%2Fv2%2Fmedia&parent=838"}],"curies":[{"name":"wp","href":"https:\/\/api.w.org\/{rel}","templated":true}]}}