{"id":2,"date":"2022-07-02T10:04:22","date_gmt":"2022-07-02T10:04:22","guid":{"rendered":"https:\/\/magnifikevents.tn\/?page_id=2"},"modified":"2022-11-30T10:41:29","modified_gmt":"2022-11-30T10:41:29","slug":"evenement-prive","status":"publish","type":"page","link":"https:\/\/magnifikevents.tn\/?page_id=2","title":{"rendered":"\u00c9V\u00c9NEMENTS PRIVES"},"content":{"rendered":"\t\t<div data-elementor-type=\"wp-page\" data-elementor-id=\"2\" class=\"elementor elementor-2\">\n\t\t\t\t\t\t\t\t\t<section class=\"elementor-section elementor-top-section elementor-element elementor-element-8959d20 elementor-section-full_width elementor-section-stretched elementor-reverse-tablet elementor-reverse-mobile elementor-section-height-default elementor-section-height-default\" data-id=\"8959d20\" data-element_type=\"section\" data-settings=\"{&quot;stretch_section&quot;:&quot;section-stretched&quot;}\">\n\t\t\t\t\t\t<div class=\"elementor-container elementor-column-gap-default\">\n\t\t\t\t\t<div class=\"elementor-column elementor-col-100 elementor-top-column elementor-element elementor-element-6359294\" data-id=\"6359294\" data-element_type=\"column\">\n\t\t\t<div class=\"elementor-widget-wrap elementor-element-populated\">\n\t\t\t\t\t\t\t\t<div class=\"elementor-element elementor-element-0ae46ec elementor-widget elementor-widget-image\" data-id=\"0ae46ec\" data-element_type=\"widget\" data-widget_type=\"image.default\">\n\t\t\t\t<div class=\"elementor-widget-container\">\n\t\t\t<style>\/*! elementor - v3.8.0 - 30-10-2022 *\/\n.elementor-widget-image{text-align:center}.elementor-widget-image a{display:inline-block}.elementor-widget-image a img[src$=\".svg\"]{width:48px}.elementor-widget-image img{vertical-align:middle;display:inline-block}<\/style>\t\t\t\t\t\t\t\t\t\t\t\t<img loading=\"lazy\" decoding=\"async\" width=\"1531\" height=\"600\" src=\"https:\/\/magnifikevents.tn\/wp-content\/uploads\/2022\/11\/page3.png\" class=\"attachment-full size-full\" alt=\"\" srcset=\"https:\/\/magnifikevents.tn\/wp-content\/uploads\/2022\/11\/page3.png 1531w, https:\/\/magnifikevents.tn\/wp-content\/uploads\/2022\/11\/page3-300x118.png 300w, https:\/\/magnifikevents.tn\/wp-content\/uploads\/2022\/11\/page3-1024x401.png 1024w, https:\/\/magnifikevents.tn\/wp-content\/uploads\/2022\/11\/page3-768x301.png 768w, https:\/\/magnifikevents.tn\/wp-content\/uploads\/2022\/11\/page3-600x235.png 600w\" sizes=\"auto, (max-width: 1531px) 100vw, 1531px\" \/>\t\t\t\t\t\t\t\t\t\t\t\t\t\t\t<\/div>\n\t\t\t\t<\/div>\n\t\t\t\t\t<\/div>\n\t\t<\/div>\n\t\t\t\t\t\t\t<\/div>\n\t\t<\/section>\n\t\t\t\t<section class=\"elementor-section elementor-top-section elementor-element elementor-element-08a0463 elementor-reverse-tablet elementor-reverse-mobile elementor-section-boxed elementor-section-height-default elementor-section-height-default\" data-id=\"08a0463\" data-element_type=\"section\">\n\t\t\t\t\t\t<div class=\"elementor-container elementor-column-gap-default\">\n\t\t\t\t\t<div class=\"elementor-column elementor-col-50 elementor-top-column elementor-element elementor-element-c818f74\" data-id=\"c818f74\" data-element_type=\"column\">\n\t\t\t<div class=\"elementor-widget-wrap elementor-element-populated\">\n\t\t\t\t\t\t\t\t<div class=\"elementor-element elementor-element-555a13b elementor-widget elementor-widget-image\" data-id=\"555a13b\" data-element_type=\"widget\" data-widget_type=\"image.default\">\n\t\t\t\t<div class=\"elementor-widget-container\">\n\t\t\t\t\t\t\t\t\t\t\t\t\t\t\t<img loading=\"lazy\" decoding=\"async\" width=\"640\" height=\"426\" src=\"https:\/\/magnifikevents.tn\/wp-content\/uploads\/2022\/11\/4-1024x682.jpg\" class=\"attachment-large size-large\" alt=\"\" srcset=\"https:\/\/magnifikevents.tn\/wp-content\/uploads\/2022\/11\/4-1024x682.jpg 1024w, https:\/\/magnifikevents.tn\/wp-content\/uploads\/2022\/11\/4-300x200.jpg 300w, https:\/\/magnifikevents.tn\/wp-content\/uploads\/2022\/11\/4-768x512.jpg 768w, https:\/\/magnifikevents.tn\/wp-content\/uploads\/2022\/11\/4-1536x1024.jpg 1536w, https:\/\/magnifikevents.tn\/wp-content\/uploads\/2022\/11\/4-1200x800.jpg 1200w, https:\/\/magnifikevents.tn\/wp-content\/uploads\/2022\/11\/4-600x400.jpg 600w, https:\/\/magnifikevents.tn\/wp-content\/uploads\/2022\/11\/4.jpg 2000w\" sizes=\"auto, (max-width: 640px) 100vw, 640px\" \/>\t\t\t\t\t\t\t\t\t\t\t\t\t\t\t<\/div>\n\t\t\t\t<\/div>\n\t\t\t\t\t<\/div>\n\t\t<\/div>\n\t\t\t\t<div class=\"elementor-column elementor-col-50 elementor-top-column elementor-element elementor-element-cb3baa2\" data-id=\"cb3baa2\" data-element_type=\"column\">\n\t\t\t<div class=\"elementor-widget-wrap elementor-element-populated\">\n\t\t\t\t\t\t\t\t<div class=\"elementor-element elementor-element-2fb6313 elementor-widget elementor-widget-heading\" data-id=\"2fb6313\" data-element_type=\"widget\" data-widget_type=\"heading.default\">\n\t\t\t\t<div class=\"elementor-widget-container\">\n\t\t\t<style>\/*! elementor - v3.8.0 - 30-10-2022 *\/\n.elementor-heading-title{padding:0;margin:0;line-height:1}.elementor-widget-heading .elementor-heading-title[class*=elementor-size-]>a{color:inherit;font-size:inherit;line-height:inherit}.elementor-widget-heading .elementor-heading-title.elementor-size-small{font-size:15px}.elementor-widget-heading .elementor-heading-title.elementor-size-medium{font-size:19px}.elementor-widget-heading .elementor-heading-title.elementor-size-large{font-size:29px}.elementor-widget-heading .elementor-heading-title.elementor-size-xl{font-size:39px}.elementor-widget-heading .elementor-heading-title.elementor-size-xxl{font-size:59px}<\/style><h2 class=\"elementor-heading-title elementor-size-default\">\u00c9V\u00c9NEMENTS PRIV\u00c9S <\/h2>\t\t<\/div>\n\t\t\t\t<\/div>\n\t\t\t\t<div class=\"elementor-element elementor-element-548fa6f elementor-widget elementor-widget-text-editor\" data-id=\"548fa6f\" data-element_type=\"widget\" data-widget_type=\"text-editor.default\">\n\t\t\t\t<div class=\"elementor-widget-container\">\n\t\t\t<style>\/*! elementor - v3.8.0 - 30-10-2022 *\/\n.elementor-widget-text-editor.elementor-drop-cap-view-stacked .elementor-drop-cap{background-color:#818a91;color:#fff}.elementor-widget-text-editor.elementor-drop-cap-view-framed .elementor-drop-cap{color:#818a91;border:3px solid;background-color:transparent}.elementor-widget-text-editor:not(.elementor-drop-cap-view-default) .elementor-drop-cap{margin-top:8px}.elementor-widget-text-editor:not(.elementor-drop-cap-view-default) .elementor-drop-cap-letter{width:1em;height:1em}.elementor-widget-text-editor .elementor-drop-cap{float:left;text-align:center;line-height:1;font-size:50px}.elementor-widget-text-editor .elementor-drop-cap-letter{display:inline-block}<\/style>\t\t\t\t<p><span style=\"color: #003366;\"><b>Magnifik Events<\/b><\/span> vous offre un accompagnement personnalis\u00e9 et vous aide \u00e0 organiser votre \u00e9v\u00e9nement de A \u00e0 Z\u00a0 \u00a0concevoir, des pr\u00e9paratifs jusqu\u2019au jour J : recherche du lieu de r\u00e9ception, choix du traiteur, de la d\u00e9coration, s\u00e9lection des animations, du photographe, etc\u2026 Nous faisons appel \u00e0 des prestataires de qualit\u00e9 dans le but de rendre ce moment magique et inoubliable.<\/p><p>Nous vous proposons des\u00a0formules compl\u00e8tes ou \u00e0 la carte, avec des prestations sur mesure, afin de respecter vos envies et votre budget.<\/p>\t\t\t\t\t\t<\/div>\n\t\t\t\t<\/div>\n\t\t\t\t\t<\/div>\n\t\t<\/div>\n\t\t\t\t\t\t\t<\/div>\n\t\t<\/section>\n\t\t\t\t\t\t\t<\/div>\n\t\t","protected":false},"excerpt":{"rendered":"<p>\u00c9V\u00c9NEMENTS PRIV\u00c9S Magnifik Events vous offre un accompagnement personnalis\u00e9 et vous aide \u00e0 organiser votre \u00e9v\u00e9nement de A \u00e0 Z\u00a0 \u00a0concevoir, des pr\u00e9paratifs jusqu\u2019au jour J : recherche du lieu de r\u00e9ception, choix du traiteur, de la d\u00e9coration, s\u00e9lection des animations, du photographe, etc\u2026 Nous faisons appel \u00e0 des prestataires de qualit\u00e9 dans le but &hellip; <\/p>\n<p class=\"link-more\"><a href=\"https:\/\/magnifikevents.tn\/?page_id=2\" class=\"more-link\">Continue reading<span class=\"screen-reader-text\"> &#8220;\u00c9V\u00c9NEMENTS PRIVES&#8221;<\/span><\/a><\/p>\n","protected":false},"author":1,"featured_media":0,"parent":0,"menu_order":0,"comment_status":"closed","ping_status":"closed","template":"","meta":{"_regular_price":[],"currency_symbol":[],"om_disable_all_campaigns":false,"_mi_skip_tracking":false,"footnotes":""},"class_list":["post-2","page","type-page","status-publish","hentry"],"post_slider_layout_featured_media_urls":{"thumbnail":"","post_slider_layout_landscape_large":"","post_slider_layout_portrait_large":"","post_slider_layout_square_large":"","post_slider_layout_landscape":"","post_slider_layout_portrait":"","post_slider_layout_square":"","full":""},"yoast_head":"<!-- This site is optimized with the Yoast SEO plugin v19.9 - https:\/\/yoast.com\/wordpress\/plugins\/seo\/ -->\n<title>\u00c9V\u00c9NEMENTS PRIVES - organisation mariage - Anniversaire<\/title>\n<meta name=\"description\" content=\"Magnifik Events, s\u2019occupe de votre \u00e9v\u00e9nement priv\u00e9 de A \u00e0 Z : D\u00e9cors, animations, traiteur, location d\u2019espace, et toute autre prestation.\" \/>\n<meta name=\"robots\" content=\"noindex, follow, max-snippet:-1, max-image-preview:large, max-video-preview:-1\" \/>\n<meta property=\"og:locale\" content=\"fr_FR\" \/>\n<meta property=\"og:type\" content=\"article\" \/>\n<meta property=\"og:title\" content=\"\u00c9V\u00c9NEMENTS PRIVES - organisation mariage - Anniversaire\" \/>\n<meta property=\"og:description\" content=\"Magnifik Events, s\u2019occupe de votre \u00e9v\u00e9nement priv\u00e9 de A \u00e0 Z : D\u00e9cors, animations, traiteur, location d\u2019espace, et toute autre prestation.\" \/>\n<meta property=\"og:url\" content=\"https:\/\/magnifikevents.tn\/?page_id=2\" \/>\n<meta property=\"article:publisher\" content=\"https:\/\/www.facebook.com\/people\/Magnifik-Events\/100063552277848\/\" \/>\n<meta property=\"article:modified_time\" content=\"2022-11-30T10:41:29+00:00\" \/>\n<meta property=\"og:image\" content=\"https:\/\/magnifikevents.tn\/wp-content\/uploads\/2022\/11\/page3.png\" \/>\n<meta name=\"twitter:card\" content=\"summary_large_image\" \/>\n<meta name=\"twitter:label1\" content=\"Dur\u00e9e de lecture estim\u00e9e\" \/>\n\t<meta name=\"twitter:data1\" content=\"1 minute\" \/>\n<script type=\"application\/ld+json\" class=\"yoast-schema-graph\">{\"@context\":\"https:\/\/schema.org\",\"@graph\":[{\"@type\":\"WebPage\",\"@id\":\"https:\/\/magnifikevents.tn\/?page_id=2\",\"url\":\"https:\/\/magnifikevents.tn\/?page_id=2\",\"name\":\"\u00c9V\u00c9NEMENTS PRIVES - organisation mariage - Anniversaire\",\"isPartOf\":{\"@id\":\"https:\/\/magnifikevents.tn\/#website\"},\"datePublished\":\"2022-07-02T10:04:22+00:00\",\"dateModified\":\"2022-11-30T10:41:29+00:00\",\"description\":\"Magnifik Events, s\u2019occupe de votre \u00e9v\u00e9nement priv\u00e9 de A \u00e0 Z : D\u00e9cors, animations, traiteur, location d\u2019espace, et toute autre prestation.\",\"breadcrumb\":{\"@id\":\"https:\/\/magnifikevents.tn\/?page_id=2#breadcrumb\"},\"inLanguage\":\"fr-FR\",\"potentialAction\":[{\"@type\":\"ReadAction\",\"target\":[\"https:\/\/magnifikevents.tn\/?page_id=2\"]}]},{\"@type\":\"BreadcrumbList\",\"@id\":\"https:\/\/magnifikevents.tn\/?page_id=2#breadcrumb\",\"itemListElement\":[{\"@type\":\"ListItem\",\"position\":1,\"name\":\"Accueil\",\"item\":\"https:\/\/magnifikevents.tn\/\"},{\"@type\":\"ListItem\",\"position\":2,\"name\":\"\u00c9V\u00c9NEMENTS PRIVES\"}]},{\"@type\":\"WebSite\",\"@id\":\"https:\/\/magnifikevents.tn\/#website\",\"url\":\"https:\/\/magnifikevents.tn\/\",\"name\":\"magnifikevents.tn\",\"description\":\"\",\"publisher\":{\"@id\":\"https:\/\/magnifikevents.tn\/#organization\"},\"alternateName\":\"magnifikevents.tn\",\"potentialAction\":[{\"@type\":\"SearchAction\",\"target\":{\"@type\":\"EntryPoint\",\"urlTemplate\":\"https:\/\/magnifikevents.tn\/?s={search_term_string}\"},\"query-input\":\"required name=search_term_string\"}],\"inLanguage\":\"fr-FR\"},{\"@type\":\"Organization\",\"@id\":\"https:\/\/magnifikevents.tn\/#organization\",\"name\":\"Magnifik events\",\"alternateName\":\"magnifikevents.tn\",\"url\":\"https:\/\/magnifikevents.tn\/\",\"logo\":{\"@type\":\"ImageObject\",\"inLanguage\":\"fr-FR\",\"@id\":\"https:\/\/magnifikevents.tn\/#\/schema\/logo\/image\/\",\"url\":\"https:\/\/magnifikevents.tn\/wp-content\/uploads\/2022\/11\/cropped-magnifikevents-new-2-1-2.png\",\"contentUrl\":\"https:\/\/magnifikevents.tn\/wp-content\/uploads\/2022\/11\/cropped-magnifikevents-new-2-1-2.png\",\"width\":240,\"height\":68,\"caption\":\"Magnifik events\"},\"image\":{\"@id\":\"https:\/\/magnifikevents.tn\/#\/schema\/logo\/image\/\"},\"sameAs\":[\"https:\/\/www.instagram.com\/magnifik.events\/?hl=fr\",\"https:\/\/www.facebook.com\/people\/Magnifik-Events\/100063552277848\/\"]}]}<\/script>\n<!-- \/ Yoast SEO plugin. -->","yoast_head_json":{"title":"\u00c9V\u00c9NEMENTS PRIVES - organisation mariage - Anniversaire","description":"Magnifik Events, s\u2019occupe de votre \u00e9v\u00e9nement priv\u00e9 de A \u00e0 Z : D\u00e9cors, animations, traiteur, location d\u2019espace, et toute autre prestation.","robots":{"index":"noindex","follow":"follow","max-snippet":"max-snippet:-1","max-image-preview":"max-image-preview:large","max-video-preview":"max-video-preview:-1"},"og_locale":"fr_FR","og_type":"article","og_title":"\u00c9V\u00c9NEMENTS PRIVES - organisation mariage - Anniversaire","og_description":"Magnifik Events, s\u2019occupe de votre \u00e9v\u00e9nement priv\u00e9 de A \u00e0 Z : D\u00e9cors, animations, traiteur, location d\u2019espace, et toute autre prestation.","og_url":"https:\/\/magnifikevents.tn\/?page_id=2","article_publisher":"https:\/\/www.facebook.com\/people\/Magnifik-Events\/100063552277848\/","article_modified_time":"2022-11-30T10:41:29+00:00","og_image":[{"url":"https:\/\/magnifikevents.tn\/wp-content\/uploads\/2022\/11\/page3.png"}],"twitter_card":"summary_large_image","twitter_misc":{"Dur\u00e9e de lecture estim\u00e9e":"1 minute"},"schema":{"@context":"https:\/\/schema.org","@graph":[{"@type":"WebPage","@id":"https:\/\/magnifikevents.tn\/?page_id=2","url":"https:\/\/magnifikevents.tn\/?page_id=2","name":"\u00c9V\u00c9NEMENTS PRIVES - organisation mariage - Anniversaire","isPartOf":{"@id":"https:\/\/magnifikevents.tn\/#website"},"datePublished":"2022-07-02T10:04:22+00:00","dateModified":"2022-11-30T10:41:29+00:00","description":"Magnifik Events, s\u2019occupe de votre \u00e9v\u00e9nement priv\u00e9 de A \u00e0 Z : D\u00e9cors, animations, traiteur, location d\u2019espace, et toute autre prestation.","breadcrumb":{"@id":"https:\/\/magnifikevents.tn\/?page_id=2#breadcrumb"},"inLanguage":"fr-FR","potentialAction":[{"@type":"ReadAction","target":["https:\/\/magnifikevents.tn\/?page_id=2"]}]},{"@type":"BreadcrumbList","@id":"https:\/\/magnifikevents.tn\/?page_id=2#breadcrumb","itemListElement":[{"@type":"ListItem","position":1,"name":"Accueil","item":"https:\/\/magnifikevents.tn\/"},{"@type":"ListItem","position":2,"name":"\u00c9V\u00c9NEMENTS PRIVES"}]},{"@type":"WebSite","@id":"https:\/\/magnifikevents.tn\/#website","url":"https:\/\/magnifikevents.tn\/","name":"magnifikevents.tn","description":"","publisher":{"@id":"https:\/\/magnifikevents.tn\/#organization"},"alternateName":"magnifikevents.tn","potentialAction":[{"@type":"SearchAction","target":{"@type":"EntryPoint","urlTemplate":"https:\/\/magnifikevents.tn\/?s={search_term_string}"},"query-input":"required name=search_term_string"}],"inLanguage":"fr-FR"},{"@type":"Organization","@id":"https:\/\/magnifikevents.tn\/#organization","name":"Magnifik events","alternateName":"magnifikevents.tn","url":"https:\/\/magnifikevents.tn\/","logo":{"@type":"ImageObject","inLanguage":"fr-FR","@id":"https:\/\/magnifikevents.tn\/#\/schema\/logo\/image\/","url":"https:\/\/magnifikevents.tn\/wp-content\/uploads\/2022\/11\/cropped-magnifikevents-new-2-1-2.png","contentUrl":"https:\/\/magnifikevents.tn\/wp-content\/uploads\/2022\/11\/cropped-magnifikevents-new-2-1-2.png","width":240,"height":68,"caption":"Magnifik events"},"image":{"@id":"https:\/\/magnifikevents.tn\/#\/schema\/logo\/image\/"},"sameAs":["https:\/\/www.instagram.com\/magnifik.events\/?hl=fr","https:\/\/www.facebook.com\/people\/Magnifik-Events\/100063552277848\/"]}]}},"_links":{"self":[{"href":"https:\/\/magnifikevents.tn\/index.php?rest_route=\/wp\/v2\/pages\/2","targetHints":{"allow":["GET"]}}],"collection":[{"href":"https:\/\/magnifikevents.tn\/index.php?rest_route=\/wp\/v2\/pages"}],"about":[{"href":"https:\/\/magnifikevents.tn\/index.php?rest_route=\/wp\/v2\/types\/page"}],"author":[{"embeddable":true,"href":"https:\/\/magnifikevents.tn\/index.php?rest_route=\/wp\/v2\/users\/1"}],"replies":[{"embeddable":true,"href":"https:\/\/magnifikevents.tn\/index.php?rest_route=%2Fwp%2Fv2%2Fcomments&post=2"}],"version-history":[{"count":124,"href":"https:\/\/magnifikevents.tn\/index.php?rest_route=\/wp\/v2\/pages\/2\/revisions"}],"predecessor-version":[{"id":2864,"href":"https:\/\/magnifikevents.tn\/index.php?rest_route=\/wp\/v2\/pages\/2\/revisions\/2864"}],"wp:attachment":[{"href":"https:\/\/magnifikevents.tn\/index.php?rest_route=%2Fwp%2Fv2%2Fmedia&parent=2"}],"curies":[{"name":"wp","href":"https:\/\/api.w.org\/{rel}","templated":true}]}}