{"id":18,"date":"2022-07-20T08:52:31","date_gmt":"2022-07-20T08:52:31","guid":{"rendered":"https:\/\/magnifikevents.tn\/?page_id=18"},"modified":"2022-11-30T10:08:31","modified_gmt":"2022-11-30T10:08:31","slug":"evenements-corporates","status":"publish","type":"page","link":"https:\/\/magnifikevents.tn\/?page_id=18","title":{"rendered":"\u00c9V\u00c9NEMENTS CORPORATE"},"content":{"rendered":"\t\t<div data-elementor-type=\"wp-page\" data-elementor-id=\"18\" class=\"elementor elementor-18\">\n\t\t\t\t\t\t\t\t\t<section class=\"elementor-section elementor-top-section elementor-element elementor-element-ef9522a elementor-section-stretched elementor-section-full_width elementor-reverse-tablet elementor-reverse-mobile elementor-section-height-default elementor-section-height-default\" data-id=\"ef9522a\" data-element_type=\"section\" data-settings=\"{&quot;stretch_section&quot;:&quot;section-stretched&quot;}\">\n\t\t\t\t\t\t<div class=\"elementor-container elementor-column-gap-default\">\n\t\t\t\t\t<div class=\"elementor-column elementor-col-100 elementor-top-column elementor-element elementor-element-216dae0\" data-id=\"216dae0\" data-element_type=\"column\">\n\t\t\t<div class=\"elementor-widget-wrap elementor-element-populated\">\n\t\t\t\t\t\t\t\t<div class=\"elementor-element elementor-element-2ce1e3a elementor-arrows-position-inside elementor-pagination-position-outside elementor-widget elementor-widget-image-carousel\" data-id=\"2ce1e3a\" data-element_type=\"widget\" data-settings=\"{&quot;slides_to_show&quot;:&quot;1&quot;,&quot;navigation&quot;:&quot;both&quot;,&quot;autoplay&quot;:&quot;yes&quot;,&quot;pause_on_hover&quot;:&quot;yes&quot;,&quot;pause_on_interaction&quot;:&quot;yes&quot;,&quot;autoplay_speed&quot;:5000,&quot;infinite&quot;:&quot;yes&quot;,&quot;effect&quot;:&quot;slide&quot;,&quot;speed&quot;:500}\" data-widget_type=\"image-carousel.default\">\n\t\t\t\t<div class=\"elementor-widget-container\">\n\t\t\t<style>\/*! elementor - v3.8.0 - 30-10-2022 *\/\n.elementor-widget-image-carousel .swiper-container{position:static}.elementor-widget-image-carousel .swiper-container .swiper-slide figure{line-height:inherit}.elementor-widget-image-carousel .swiper-slide{text-align:center}.elementor-image-carousel-wrapper:not(.swiper-container-initialized) .swiper-slide{max-width:calc(100% \/ var(--e-image-carousel-slides-to-show, 3))}<\/style>\t\t<div class=\"elementor-image-carousel-wrapper swiper-container\" dir=\"ltr\">\n\t\t\t<div class=\"elementor-image-carousel swiper-wrapper swiper-image-stretch\">\n\t\t\t\t\t\t\t\t<div class=\"swiper-slide\"><a data-elementor-open-lightbox=\"yes\" data-elementor-lightbox-slideshow=\"2ce1e3a\" data-elementor-lightbox-title=\"event3\" e-action-hash=\"#elementor-action%3Aaction%3Dlightbox%26settings%3DeyJpZCI6MjE4NCwidXJsIjoiaHR0cHM6XC9cL21hZ25pZmlrZXZlbnRzLnRuXC93cC1jb250ZW50XC91cGxvYWRzXC8yMDIyXC8xMVwvZXZlbnQzLnBuZyIsInNsaWRlc2hvdyI6IjJjZTFlM2EifQ%3D%3D\" href=\"https:\/\/magnifikevents.tn\/wp-content\/uploads\/2022\/11\/event3.png\"><figure class=\"swiper-slide-inner\"><img decoding=\"async\" class=\"swiper-slide-image\" src=\"https:\/\/magnifikevents.tn\/wp-content\/uploads\/2022\/11\/event3.png\" alt=\"event3\" \/><\/figure><\/a><\/div>\t\t\t<\/div>\n\t\t\t\t\t<\/div>\n\t\t\t\t<\/div>\n\t\t\t\t<\/div>\n\t\t\t\t\t<\/div>\n\t\t<\/div>\n\t\t\t\t\t\t\t<\/div>\n\t\t<\/section>\n\t\t\t\t<section class=\"elementor-section elementor-top-section elementor-element elementor-element-c753d8c elementor-reverse-tablet elementor-reverse-mobile elementor-section-boxed elementor-section-height-default elementor-section-height-default\" data-id=\"c753d8c\" data-element_type=\"section\">\n\t\t\t\t\t\t<div class=\"elementor-container elementor-column-gap-default\">\n\t\t\t\t\t<div class=\"elementor-column elementor-col-16 elementor-top-column elementor-element elementor-element-cd6dbc2\" data-id=\"cd6dbc2\" data-element_type=\"column\">\n\t\t\t<div class=\"elementor-widget-wrap elementor-element-populated\">\n\t\t\t\t\t\t\t\t<div class=\"elementor-element elementor-element-4efcfc5 elementor-position-top elementor-vertical-align-top elementor-widget elementor-widget-image-box\" data-id=\"4efcfc5\" data-element_type=\"widget\" data-widget_type=\"image-box.default\">\n\t\t\t\t<div class=\"elementor-widget-container\">\n\t\t\t<style>.elementor-widget-image-box .elementor-image-box-content{width:100%}@media (min-width:501px){.elementor-widget-image-box.elementor-position-left .elementor-image-box-wrapper,.elementor-widget-image-box.elementor-position-right .elementor-image-box-wrapper{display:-webkit-box;display:-ms-flexbox;display:flex}.elementor-widget-image-box.elementor-position-right .elementor-image-box-wrapper{text-align:right;-webkit-box-orient:horizontal;-webkit-box-direction:reverse;-ms-flex-direction:row-reverse;flex-direction:row-reverse}.elementor-widget-image-box.elementor-position-left .elementor-image-box-wrapper{text-align:left;-webkit-box-orient:horizontal;-webkit-box-direction:normal;-ms-flex-direction:row;flex-direction:row}.elementor-widget-image-box.elementor-position-top .elementor-image-box-img{margin:auto}.elementor-widget-image-box.elementor-vertical-align-top .elementor-image-box-wrapper{-webkit-box-align:start;-ms-flex-align:start;align-items:flex-start}.elementor-widget-image-box.elementor-vertical-align-middle .elementor-image-box-wrapper{-webkit-box-align:center;-ms-flex-align:center;align-items:center}.elementor-widget-image-box.elementor-vertical-align-bottom .elementor-image-box-wrapper{-webkit-box-align:end;-ms-flex-align:end;align-items:flex-end}}@media (max-width:500px){.elementor-widget-image-box .elementor-image-box-img{margin-left:auto!important;margin-right:auto!important;margin-bottom:15px}}.elementor-widget-image-box .elementor-image-box-img{display:inline-block}.elementor-widget-image-box .elementor-image-box-title a{color:inherit}.elementor-widget-image-box .elementor-image-box-wrapper{text-align:center}.elementor-widget-image-box .elementor-image-box-description{margin:0}<\/style><div class=\"elementor-image-box-wrapper\"><figure class=\"elementor-image-box-img\"><a href=\"https:\/\/magnifikevents.tn\/?page_id=838\"><img loading=\"lazy\" decoding=\"async\" width=\"300\" height=\"300\" src=\"https:\/\/magnifikevents.tn\/wp-content\/uploads\/2022\/11\/event-entreprise-3-300x300.png\" class=\"elementor-animation-bounce-out attachment-medium size-medium\" alt=\"\" \/><\/a><\/figure><div class=\"elementor-image-box-content\"><h4 class=\"elementor-image-box-title\"><a href=\"https:\/\/magnifikevents.tn\/?page_id=838\">\u00c9V\u00c9NEMENT D\u2019ENTREPRISE\u200b<\/a><\/h4><\/div><\/div>\t\t<\/div>\n\t\t\t\t<\/div>\n\t\t\t\t\t<\/div>\n\t\t<\/div>\n\t\t\t\t<div class=\"elementor-column elementor-col-16 elementor-top-column elementor-element elementor-element-eeabe4e\" data-id=\"eeabe4e\" data-element_type=\"column\">\n\t\t\t<div class=\"elementor-widget-wrap elementor-element-populated\">\n\t\t\t\t\t\t\t\t<div class=\"elementor-element elementor-element-272fe1a elementor-position-top elementor-vertical-align-top elementor-widget elementor-widget-image-box\" data-id=\"272fe1a\" data-element_type=\"widget\" data-widget_type=\"image-box.default\">\n\t\t\t\t<div class=\"elementor-widget-container\">\n\t\t\t<div class=\"elementor-image-box-wrapper\"><figure class=\"elementor-image-box-img\"><a href=\"https:\/\/magnifikevents.tn\/?page_id=847\"><img loading=\"lazy\" decoding=\"async\" width=\"300\" height=\"300\" src=\"https:\/\/magnifikevents.tn\/wp-content\/uploads\/2022\/11\/seminaire2-300x300.png\" class=\"elementor-animation-bounce-out attachment-medium size-medium\" alt=\"\" \/><\/a><\/figure><div class=\"elementor-image-box-content\"><h4 class=\"elementor-image-box-title\"><a href=\"https:\/\/magnifikevents.tn\/?page_id=847\">S\u00c9MINAIRE D'ENTREPRISE\u200b\u200b<\/a><\/h4><\/div><\/div>\t\t<\/div>\n\t\t\t\t<\/div>\n\t\t\t\t\t<\/div>\n\t\t<\/div>\n\t\t\t\t<div class=\"elementor-column elementor-col-16 elementor-top-column elementor-element elementor-element-348577e\" data-id=\"348577e\" data-element_type=\"column\">\n\t\t\t<div class=\"elementor-widget-wrap elementor-element-populated\">\n\t\t\t\t\t\t\t\t<div class=\"elementor-element elementor-element-f7af9fd elementor-position-top elementor-vertical-align-top elementor-widget elementor-widget-image-box\" data-id=\"f7af9fd\" data-element_type=\"widget\" data-widget_type=\"image-box.default\">\n\t\t\t\t<div class=\"elementor-widget-container\">\n\t\t\t<div class=\"elementor-image-box-wrapper\"><figure class=\"elementor-image-box-img\"><a href=\"https:\/\/magnifikevents.tn\/?page_id=853\"><img loading=\"lazy\" decoding=\"async\" width=\"300\" height=\"300\" src=\"https:\/\/magnifikevents.tn\/wp-content\/uploads\/2022\/11\/team-building-300x300.png\" class=\"elementor-animation-bounce-out attachment-medium size-medium\" alt=\"\" \/><\/a><\/figure><div class=\"elementor-image-box-content\"><h4 class=\"elementor-image-box-title\"><a href=\"https:\/\/magnifikevents.tn\/?page_id=853\">TEAM BUILDING<\/a><\/h4><\/div><\/div>\t\t<\/div>\n\t\t\t\t<\/div>\n\t\t\t\t\t<\/div>\n\t\t<\/div>\n\t\t\t\t<div class=\"elementor-column elementor-col-16 elementor-top-column elementor-element elementor-element-7de4ae9\" data-id=\"7de4ae9\" data-element_type=\"column\">\n\t\t\t<div class=\"elementor-widget-wrap elementor-element-populated\">\n\t\t\t\t\t\t\t\t<div class=\"elementor-element elementor-element-aece502 elementor-position-top elementor-vertical-align-top elementor-widget elementor-widget-image-box\" data-id=\"aece502\" data-element_type=\"widget\" data-widget_type=\"image-box.default\">\n\t\t\t\t<div class=\"elementor-widget-container\">\n\t\t\t<div class=\"elementor-image-box-wrapper\"><figure class=\"elementor-image-box-img\"><a href=\"https:\/\/magnifikevents.tn\/?page_id=865\"><img loading=\"lazy\" decoding=\"async\" width=\"1080\" height=\"1080\" src=\"https:\/\/magnifikevents.tn\/wp-content\/uploads\/2022\/11\/family-day.png\" class=\"elementor-animation-bounce-out attachment-full size-full\" alt=\"\" \/><\/a><\/figure><div class=\"elementor-image-box-content\"><h4 class=\"elementor-image-box-title\"><a href=\"https:\/\/magnifikevents.tn\/?page_id=865\">FAMILY DAY<\/a><\/h4><\/div><\/div>\t\t<\/div>\n\t\t\t\t<\/div>\n\t\t\t\t\t<\/div>\n\t\t<\/div>\n\t\t\t\t<div class=\"elementor-column elementor-col-16 elementor-top-column elementor-element elementor-element-6df16bb\" data-id=\"6df16bb\" data-element_type=\"column\">\n\t\t\t<div class=\"elementor-widget-wrap elementor-element-populated\">\n\t\t\t\t\t\t\t\t<div class=\"elementor-element elementor-element-169f643 elementor-position-top elementor-vertical-align-top elementor-widget elementor-widget-image-box\" data-id=\"169f643\" data-element_type=\"widget\" data-widget_type=\"image-box.default\">\n\t\t\t\t<div class=\"elementor-widget-container\">\n\t\t\t<div class=\"elementor-image-box-wrapper\"><figure class=\"elementor-image-box-img\"><a href=\"https:\/\/magnifikevents.tn\/?page_id=871\"><img loading=\"lazy\" decoding=\"async\" width=\"1080\" height=\"1080\" src=\"https:\/\/magnifikevents.tn\/wp-content\/uploads\/2022\/11\/par2.png\" class=\"elementor-animation-bounce-out attachment-full size-full\" alt=\"\" \/><\/a><\/figure><div class=\"elementor-image-box-content\"><h4 class=\"elementor-image-box-title\"><a href=\"https:\/\/magnifikevents.tn\/?page_id=871\">COMMUNICATION PAR L\u2019OBJET    \/ CADEAUX D\u2019ENTREPRISE<\/a><\/h4><\/div><\/div>\t\t<\/div>\n\t\t\t\t<\/div>\n\t\t\t\t\t<\/div>\n\t\t<\/div>\n\t\t\t\t<div class=\"elementor-column elementor-col-16 elementor-top-column elementor-element elementor-element-8d67e4c\" data-id=\"8d67e4c\" data-element_type=\"column\">\n\t\t\t<div class=\"elementor-widget-wrap elementor-element-populated\">\n\t\t\t\t\t\t\t\t<div class=\"elementor-element elementor-element-43fada1 elementor-position-top elementor-vertical-align-top elementor-widget elementor-widget-image-box\" data-id=\"43fada1\" data-element_type=\"widget\" data-widget_type=\"image-box.default\">\n\t\t\t\t<div class=\"elementor-widget-container\">\n\t\t\t<div class=\"elementor-image-box-wrapper\"><figure class=\"elementor-image-box-img\"><a href=\"https:\/\/magnifikevents.tn\/?page_id=1602\"><img loading=\"lazy\" decoding=\"async\" width=\"1080\" height=\"1080\" src=\"https:\/\/magnifikevents.tn\/wp-content\/uploads\/2022\/11\/Image-carree.png\" class=\"elementor-animation-bounce-out attachment-full size-full\" alt=\"\" \/><\/a><\/figure><div class=\"elementor-image-box-content\"><h4 class=\"elementor-image-box-title\"><a href=\"https:\/\/magnifikevents.tn\/?page_id=1602\">TRAITEUR<\/a><\/h4><\/div><\/div>\t\t<\/div>\n\t\t\t\t<\/div>\n\t\t\t\t\t<\/div>\n\t\t<\/div>\n\t\t\t\t\t\t\t<\/div>\n\t\t<\/section>\n\t\t\t\t\t\t\t<\/div>\n\t\t","protected":false},"excerpt":{"rendered":"<p>\u00c9V\u00c9NEMENT D\u2019ENTREPRISE\u200b S\u00c9MINAIRE D&#8217;ENTREPRISE\u200b\u200b TEAM BUILDING FAMILY DAY COMMUNICATION PAR L\u2019OBJET \/ CADEAUX D\u2019ENTREPRISE TRAITEUR<\/p>\n","protected":false},"author":1,"featured_media":0,"parent":0,"menu_order":0,"comment_status":"closed","ping_status":"closed","template":"","meta":{"_regular_price":[],"currency_symbol":[],"om_disable_all_campaigns":false,"_mi_skip_tracking":false,"footnotes":""},"class_list":["post-18","page","type-page","status-publish","hentry"],"post_slider_layout_featured_media_urls":{"thumbnail":"","post_slider_layout_landscape_large":"","post_slider_layout_portrait_large":"","post_slider_layout_square_large":"","post_slider_layout_landscape":"","post_slider_layout_portrait":"","post_slider_layout_square":"","full":""},"yoast_head":"<!-- This site is optimized with the Yoast SEO plugin v19.9 - https:\/\/yoast.com\/wordpress\/plugins\/seo\/ -->\n<title>\u00c9V\u00c9NEMENTS CORPORATE - Organisation -Traiteur<\/title>\n<meta name=\"description\" content=\"Magnifik Events, s\u2019occupe de organisation votre soir\u00e9e \u00e9v\u00e9nementielle de A \u00e0 Z : D\u00e9cors, animations, service traiteur, etc...\" \/>\n<meta name=\"robots\" content=\"noindex, follow, max-snippet:-1, max-image-preview:large, max-video-preview:-1\" \/>\n<meta property=\"og:locale\" content=\"fr_FR\" \/>\n<meta property=\"og:type\" content=\"article\" \/>\n<meta property=\"og:title\" content=\"Magnifik Events \u00c9V\u00c9NEMENTS CORPORATE\" \/>\n<meta property=\"og:description\" content=\"Magnifik Events est une agence r\u00e9ceptive (DMC) et \u00e9v\u00e9nementielle (MICE) de 1er choix pour l\u2019org -\" \/>\n<meta property=\"og:url\" content=\"https:\/\/magnifikevents.tn\/?page_id=18\" \/>\n<meta property=\"article:publisher\" content=\"https:\/\/www.facebook.com\/people\/Magnifik-Events\/100063552277848\/\" \/>\n<meta property=\"article:modified_time\" content=\"2022-11-30T10:08:31+00:00\" \/>\n<meta property=\"og:image\" content=\"https:\/\/magnifikevents.tn\/wp-content\/uploads\/2022\/11\/magnifikevents-new-2-3.png\" \/>\n\t<meta property=\"og:image:width\" content=\"500\" \/>\n\t<meta property=\"og:image:height\" content=\"250\" \/>\n\t<meta property=\"og:image:type\" content=\"image\/png\" \/>\n<meta name=\"twitter:card\" content=\"summary_large_image\" \/>\n<meta name=\"twitter:label1\" content=\"Dur\u00e9e de lecture estim\u00e9e\" \/>\n\t<meta name=\"twitter:data1\" content=\"2 minutes\" \/>\n<script type=\"application\/ld+json\" class=\"yoast-schema-graph\">{\"@context\":\"https:\/\/schema.org\",\"@graph\":[{\"@type\":\"WebPage\",\"@id\":\"https:\/\/magnifikevents.tn\/?page_id=18\",\"url\":\"https:\/\/magnifikevents.tn\/?page_id=18\",\"name\":\"\u00c9V\u00c9NEMENTS CORPORATE - Organisation -Traiteur\",\"isPartOf\":{\"@id\":\"https:\/\/magnifikevents.tn\/#website\"},\"datePublished\":\"2022-07-20T08:52:31+00:00\",\"dateModified\":\"2022-11-30T10:08:31+00:00\",\"description\":\"Magnifik Events, s\u2019occupe de organisation votre soir\u00e9e \u00e9v\u00e9nementielle de A \u00e0 Z : D\u00e9cors, animations, service traiteur, etc...\",\"breadcrumb\":{\"@id\":\"https:\/\/magnifikevents.tn\/?page_id=18#breadcrumb\"},\"inLanguage\":\"fr-FR\",\"potentialAction\":[{\"@type\":\"ReadAction\",\"target\":[\"https:\/\/magnifikevents.tn\/?page_id=18\"]}]},{\"@type\":\"BreadcrumbList\",\"@id\":\"https:\/\/magnifikevents.tn\/?page_id=18#breadcrumb\",\"itemListElement\":[{\"@type\":\"ListItem\",\"position\":1,\"name\":\"Accueil\",\"item\":\"https:\/\/magnifikevents.tn\/\"},{\"@type\":\"ListItem\",\"position\":2,\"name\":\"\u00c9V\u00c9NEMENTS CORPORATE\"}]},{\"@type\":\"WebSite\",\"@id\":\"https:\/\/magnifikevents.tn\/#website\",\"url\":\"https:\/\/magnifikevents.tn\/\",\"name\":\"magnifikevents.tn\",\"description\":\"\",\"publisher\":{\"@id\":\"https:\/\/magnifikevents.tn\/#organization\"},\"alternateName\":\"magnifikevents.tn\",\"potentialAction\":[{\"@type\":\"SearchAction\",\"target\":{\"@type\":\"EntryPoint\",\"urlTemplate\":\"https:\/\/magnifikevents.tn\/?s={search_term_string}\"},\"query-input\":\"required name=search_term_string\"}],\"inLanguage\":\"fr-FR\"},{\"@type\":\"Organization\",\"@id\":\"https:\/\/magnifikevents.tn\/#organization\",\"name\":\"Magnifik events\",\"alternateName\":\"magnifikevents.tn\",\"url\":\"https:\/\/magnifikevents.tn\/\",\"logo\":{\"@type\":\"ImageObject\",\"inLanguage\":\"fr-FR\",\"@id\":\"https:\/\/magnifikevents.tn\/#\/schema\/logo\/image\/\",\"url\":\"https:\/\/magnifikevents.tn\/wp-content\/uploads\/2022\/11\/cropped-magnifikevents-new-2-1-2.png\",\"contentUrl\":\"https:\/\/magnifikevents.tn\/wp-content\/uploads\/2022\/11\/cropped-magnifikevents-new-2-1-2.png\",\"width\":240,\"height\":68,\"caption\":\"Magnifik events\"},\"image\":{\"@id\":\"https:\/\/magnifikevents.tn\/#\/schema\/logo\/image\/\"},\"sameAs\":[\"https:\/\/www.instagram.com\/magnifik.events\/?hl=fr\",\"https:\/\/www.facebook.com\/people\/Magnifik-Events\/100063552277848\/\"]}]}<\/script>\n<!-- \/ Yoast SEO plugin. -->","yoast_head_json":{"title":"\u00c9V\u00c9NEMENTS CORPORATE - Organisation -Traiteur","description":"Magnifik Events, s\u2019occupe de organisation votre soir\u00e9e \u00e9v\u00e9nementielle de A \u00e0 Z : D\u00e9cors, animations, service traiteur, etc...","robots":{"index":"noindex","follow":"follow","max-snippet":"max-snippet:-1","max-image-preview":"max-image-preview:large","max-video-preview":"max-video-preview:-1"},"og_locale":"fr_FR","og_type":"article","og_title":"Magnifik Events \u00c9V\u00c9NEMENTS CORPORATE","og_description":"Magnifik Events est une agence r\u00e9ceptive (DMC) et \u00e9v\u00e9nementielle (MICE) de 1er choix pour l\u2019org -","og_url":"https:\/\/magnifikevents.tn\/?page_id=18","article_publisher":"https:\/\/www.facebook.com\/people\/Magnifik-Events\/100063552277848\/","article_modified_time":"2022-11-30T10:08:31+00:00","og_image":[{"width":500,"height":250,"url":"https:\/\/magnifikevents.tn\/wp-content\/uploads\/2022\/11\/magnifikevents-new-2-3.png","type":"image\/png"}],"twitter_card":"summary_large_image","twitter_misc":{"Dur\u00e9e de lecture estim\u00e9e":"2 minutes"},"schema":{"@context":"https:\/\/schema.org","@graph":[{"@type":"WebPage","@id":"https:\/\/magnifikevents.tn\/?page_id=18","url":"https:\/\/magnifikevents.tn\/?page_id=18","name":"\u00c9V\u00c9NEMENTS CORPORATE - Organisation -Traiteur","isPartOf":{"@id":"https:\/\/magnifikevents.tn\/#website"},"datePublished":"2022-07-20T08:52:31+00:00","dateModified":"2022-11-30T10:08:31+00:00","description":"Magnifik Events, s\u2019occupe de organisation votre soir\u00e9e \u00e9v\u00e9nementielle de A \u00e0 Z : D\u00e9cors, animations, service traiteur, etc...","breadcrumb":{"@id":"https:\/\/magnifikevents.tn\/?page_id=18#breadcrumb"},"inLanguage":"fr-FR","potentialAction":[{"@type":"ReadAction","target":["https:\/\/magnifikevents.tn\/?page_id=18"]}]},{"@type":"BreadcrumbList","@id":"https:\/\/magnifikevents.tn\/?page_id=18#breadcrumb","itemListElement":[{"@type":"ListItem","position":1,"name":"Accueil","item":"https:\/\/magnifikevents.tn\/"},{"@type":"ListItem","position":2,"name":"\u00c9V\u00c9NEMENTS CORPORATE"}]},{"@type":"WebSite","@id":"https:\/\/magnifikevents.tn\/#website","url":"https:\/\/magnifikevents.tn\/","name":"magnifikevents.tn","description":"","publisher":{"@id":"https:\/\/magnifikevents.tn\/#organization"},"alternateName":"magnifikevents.tn","potentialAction":[{"@type":"SearchAction","target":{"@type":"EntryPoint","urlTemplate":"https:\/\/magnifikevents.tn\/?s={search_term_string}"},"query-input":"required name=search_term_string"}],"inLanguage":"fr-FR"},{"@type":"Organization","@id":"https:\/\/magnifikevents.tn\/#organization","name":"Magnifik events","alternateName":"magnifikevents.tn","url":"https:\/\/magnifikevents.tn\/","logo":{"@type":"ImageObject","inLanguage":"fr-FR","@id":"https:\/\/magnifikevents.tn\/#\/schema\/logo\/image\/","url":"https:\/\/magnifikevents.tn\/wp-content\/uploads\/2022\/11\/cropped-magnifikevents-new-2-1-2.png","contentUrl":"https:\/\/magnifikevents.tn\/wp-content\/uploads\/2022\/11\/cropped-magnifikevents-new-2-1-2.png","width":240,"height":68,"caption":"Magnifik events"},"image":{"@id":"https:\/\/magnifikevents.tn\/#\/schema\/logo\/image\/"},"sameAs":["https:\/\/www.instagram.com\/magnifik.events\/?hl=fr","https:\/\/www.facebook.com\/people\/Magnifik-Events\/100063552277848\/"]}]}},"_links":{"self":[{"href":"https:\/\/magnifikevents.tn\/index.php?rest_route=\/wp\/v2\/pages\/18","targetHints":{"allow":["GET"]}}],"collection":[{"href":"https:\/\/magnifikevents.tn\/index.php?rest_route=\/wp\/v2\/pages"}],"about":[{"href":"https:\/\/magnifikevents.tn\/index.php?rest_route=\/wp\/v2\/types\/page"}],"author":[{"embeddable":true,"href":"https:\/\/magnifikevents.tn\/index.php?rest_route=\/wp\/v2\/users\/1"}],"replies":[{"embeddable":true,"href":"https:\/\/magnifikevents.tn\/index.php?rest_route=%2Fwp%2Fv2%2Fcomments&post=18"}],"version-history":[{"count":195,"href":"https:\/\/magnifikevents.tn\/index.php?rest_route=\/wp\/v2\/pages\/18\/revisions"}],"predecessor-version":[{"id":2819,"href":"https:\/\/magnifikevents.tn\/index.php?rest_route=\/wp\/v2\/pages\/18\/revisions\/2819"}],"wp:attachment":[{"href":"https:\/\/magnifikevents.tn\/index.php?rest_route=%2Fwp%2Fv2%2Fmedia&parent=18"}],"curies":[{"name":"wp","href":"https:\/\/api.w.org\/{rel}","templated":true}]}}